{"id":873,"date":"2014-02-25T15:42:22","date_gmt":"2014-02-25T14:42:22","guid":{"rendered":"http:\/\/www.alvasa.se\/wordpress\/?page_id=873"},"modified":"2026-02-24T13:08:07","modified_gmt":"2026-02-24T12:08:07","slug":"jobba-hos-oss","status":"publish","type":"page","link":"https:\/\/alvasa.se\/wordpress\/?page_id=873","title":{"rendered":"Sommarjobb 2026"},"content":{"rendered":"\t\t<div data-elementor-type=\"wp-page\" data-elementor-id=\"873\" class=\"elementor elementor-873\" data-elementor-post-type=\"page\">\n\t\t\t\t\t\t<section class=\"elementor-section elementor-top-section elementor-element elementor-element-b56b170 elementor-section-boxed elementor-section-height-default elementor-section-height-default\" data-id=\"b56b170\" data-element_type=\"section\">\n\t\t\t\t\t\t<div class=\"elementor-container elementor-column-gap-default\">\n\t\t\t\t\t<div class=\"elementor-column elementor-col-66 elementor-top-column elementor-element elementor-element-6372c75\" data-id=\"6372c75\" data-element_type=\"column\">\n\t\t\t<div class=\"elementor-widget-wrap elementor-element-populated\">\n\t\t\t\t\t\t<div class=\"elementor-element elementor-element-e7cc6e1 elementor-widget elementor-widget-text-editor\" data-id=\"e7cc6e1\" data-element_type=\"widget\" data-widget_type=\"text-editor.default\">\n\t\t\t\t<div class=\"elementor-widget-container\">\n\t\t\t\t\t\t\t\t\t<h4 style=\"text-align: center;\">\u00c4r du intresserad av att jobba p\u00e5 \u00c4lv\u00e5sa i sommar?<\/h4><p style=\"text-align: center;\">\u00c4lv\u00e5sa \u00e4r en kristen sommarg\u00e5rd inom \u00d6sta fritidsomr\u00e5de som drivs gemensamt av Nora-T\u00e4rnsj\u00f6 missionsf\u00f6rsamling, Betel T\u00e4rnsj\u00f6, Equmeniakyrkan \u00d6sterv\u00e5la, Centrumkyrkan Heby och Huddunge missionsf\u00f6rsamling. <br \/>\u00c4lv\u00e5sa \u00e4r en plats dit alla \u00e4r v\u00e4lkomna f\u00f6r att ta en fika, delta i arrangemang, leka i parken, spela en runda minigolf eller bara njuta av den vackra naturen<\/p>\t\t\t\t\t\t\t\t<\/div>\n\t\t\t\t<\/div>\n\t\t\t\t\t<\/div>\n\t\t<\/div>\n\t\t\t\t<div class=\"elementor-column elementor-col-33 elementor-top-column elementor-element elementor-element-7f3f8cb\" data-id=\"7f3f8cb\" data-element_type=\"column\">\n\t\t\t<div class=\"elementor-widget-wrap elementor-element-populated\">\n\t\t\t\t\t\t<div class=\"elementor-element elementor-element-4aa33d0 elementor-widget elementor-widget-image\" data-id=\"4aa33d0\" data-element_type=\"widget\" data-widget_type=\"image.default\">\n\t\t\t\t<div class=\"elementor-widget-container\">\n\t\t\t\t\t\t\t\t\t\t\t\t\t\t\t<img fetchpriority=\"high\" decoding=\"async\" width=\"960\" height=\"720\" src=\"https:\/\/alvasa.se\/wordpress\/wp-content\/uploads\/2020\/06\/180623.jpg\" class=\"attachment-large size-large wp-image-2054\" alt=\"\" srcset=\"https:\/\/alvasa.se\/wordpress\/wp-content\/uploads\/2020\/06\/180623.jpg 960w, https:\/\/alvasa.se\/wordpress\/wp-content\/uploads\/2020\/06\/180623-300x225.jpg 300w, https:\/\/alvasa.se\/wordpress\/wp-content\/uploads\/2020\/06\/180623-768x576.jpg 768w\" sizes=\"(max-width: 960px) 100vw, 960px\" \/>\t\t\t\t\t\t\t\t\t\t\t\t\t\t\t<\/div>\n\t\t\t\t<\/div>\n\t\t\t\t\t<\/div>\n\t\t<\/div>\n\t\t\t\t\t<\/div>\n\t\t<\/section>\n\t\t\t\t<section class=\"elementor-section elementor-top-section elementor-element elementor-element-e4f85a2 elementor-section-boxed elementor-section-height-default elementor-section-height-default\" data-id=\"e4f85a2\" data-element_type=\"section\">\n\t\t\t\t\t\t<div class=\"elementor-container elementor-column-gap-default\">\n\t\t\t\t\t<div class=\"elementor-column elementor-col-66 elementor-top-column elementor-element elementor-element-0cf1f01\" data-id=\"0cf1f01\" data-element_type=\"column\">\n\t\t\t<div class=\"elementor-widget-wrap elementor-element-populated\">\n\t\t\t\t\t\t<div class=\"elementor-element elementor-element-ed04f56 elementor-widget elementor-widget-text-editor\" data-id=\"ed04f56\" data-element_type=\"widget\" data-widget_type=\"text-editor.default\">\n\t\t\t\t<div class=\"elementor-widget-container\">\n\t\t\t\t\t\t\t\t\t<h4>Arbetsuppgifter<\/h4><p>I v\u00e5r servering och kiosk arbetar du med bakning, st\u00e4dning, servering och bem\u00f6tande av g\u00e4ster, kassaarbete, p\u00e5fyllnad av varor, kioskf\u00f6rs\u00e4ljning m.m.<\/p><h4>Personliga egenskaper<\/h4><p>Som medarbetare hos oss beh\u00f6ver du vara serviceinriktad och alltid str\u00e4va efter att ge v\u00e5ra g\u00e4ster den b\u00e4sta helhetsupplevelsen. Som person \u00e4r du positiv, ansvarstagande, stresst\u00e5lig, har l\u00e4tt f\u00f6r att samarbeta, och har f\u00f6rst\u00e5else f\u00f6r att alla arbetskamrater \u00e4r v\u00e4rdefulla. Du har god struktur i ditt arbete, ordning och reda runt om dig. Vi s\u00f6ker dig som \u00e4r hj\u00e4lpsam, ordningsam samt beh\u00e5ller lugnet \u00e4ven under stressiga situationer.<\/p><h4>Kvalifikationer<\/h4><p>Du \u00e4r 16 \u00e5r eller \u00e4ldre. Kassavana och erfarenhet av liknande arbete \u00e4r meriterande.<\/p><h4>Varaktighet<\/h4><p>\u00c4lv\u00e5sa \u00e4r \u00f6ppet dagligen under sommars\u00e4songen (juni\u2013augusti) med servering och programverksamhet.<br \/>Vi ser g\u00e4rna att du kan arbeta under flertalet av sommarens veckor, men minst tre. Arbetstiden varierar mellan kl 9.00 och 22.30.<\/p><p><strong><span style=\"color: #ff0000;\">Sista ans\u00f6kningsdag 22\/3<\/span> <\/strong>men intervjuer och rekrytering kommer ske l\u00f6pande, s\u00e5 v\u00e4nta inte med att skicka in din ans\u00f6kan via mail till <a href=\"mailto:mallemalin81@hotmail.com\">mallemalin81@hotmail.com<\/a><\/p><p>Vill du veta mera om jobbet eller har n\u00e5gra fr\u00e5gor s\u00e5 ring eller maila<\/p><p>Malin Brod\u00e9n 070 \u2013 683 23 33<\/p>\t\t\t\t\t\t\t\t<\/div>\n\t\t\t\t<\/div>\n\t\t\t\t\t<\/div>\n\t\t<\/div>\n\t\t\t\t<div class=\"elementor-column elementor-col-33 elementor-top-column elementor-element elementor-element-d79191e\" data-id=\"d79191e\" data-element_type=\"column\">\n\t\t\t<div class=\"elementor-widget-wrap elementor-element-populated\">\n\t\t\t\t\t\t<div class=\"elementor-element elementor-element-5141f7b elementor-widget elementor-widget-sidebar\" data-id=\"5141f7b\" data-element_type=\"widget\" data-widget_type=\"sidebar.default\">\n\t\t\t\t<div class=\"elementor-widget-container\">\n\t\t\t\t\t<div id=\"linkcat-2\" class=\"widget widget_links\"><p class=\"widget-title\">L\u00e4nklista<\/p>\n\t<ul class='xoxo blogroll'>\n<li><a href=\"https:\/\/www.facebook.com\/pages\/%C3%84lv%C3%A5sa\/108035082659063\" rel=\"noopener\" title=\"V\u00e5r facebook sida\" target=\"_blank\">\u00c4lv\u00e5sa p\u00e5 Facebook<\/a><\/li>\n<li><a href=\"https:\/\/beteltarnsjo.se\/\" rel=\"noopener\" title=\"Betel T\u00e4rnsj\u00f6\" target=\"_blank\">Betel T\u00e4rnsj\u00f6<\/a><\/li>\n<li><a href=\"http:\/\/www.ckheby.se\" rel=\"noopener\" title=\"Centrumkyrkan Heby\" target=\"_blank\">Centrumkyrkan i Heby<\/a><\/li>\n<li><a href=\"http:\/\/equmeniakyrkan.se\/ostervala\/\" rel=\"noopener\" title=\"Equmeniakyrkan \u00d6sterv\u00e5la\" target=\"_blank\">Equmeniakyrkan \u00d6sterv\u00e5la<\/a><\/li>\n<li><a href=\"https:\/\/www.harbomissionskyrka.se\/\">Harbo missions-f\u00f6rsamling<\/a><\/li>\n<li><a href=\"https:\/\/korskyrkan.in\/\" title=\"Korskyrkan, \u00d6sterv\u00e5la &#8211; en plats f\u00f6r dig\">Korskyrkan, \u00d6sterv\u00e5la<\/a><\/li>\n<li><a href=\"http:\/\/equmeniakyrkan.se\/noratarnsjo\/\" rel=\"noopener\" title=\"Nora-T\u00e4rnsj\u00f6 Missionsf\u00f6rsamling\" target=\"_blank\">Nora-T\u00e4rnsj\u00f6 Missionsf\u00f6rsamling<\/a><\/li>\n<li><a href=\"https:\/\/ostacamping.se\/\" rel=\"noopener\" title=\"Camping i n\u00e4rheten av \u00c4lv\u00e5sa\" target=\"_blank\">\u00d6sta camping<\/a><\/li>\n<li><a href=\"http:\/\/www.bilda.nu\" rel=\"noopener\" title=\"Caf\u00e9 \u00c4lv\u00e5sa och Konserter sammordnas med Bilda\" target=\"_blank\">Sammarbetspartner &#8211; Bilda<\/a><\/li>\n<li><a href=\"https:\/\/www.supersaas.se\/schedule\/alvasacafe\/Tj\u00e4nstg\u00f6ring_\u00c4lv\u00e5sa_2026\">Tj\u00e4nstg\u00f6ringsschema<\/a><\/li>\n\n\t<\/ul>\n<\/div>\n\t\t\t\t<\/div>\n\t\t\t\t<\/div>\n\t\t\t\t\t<\/div>\n\t\t<\/div>\n\t\t\t\t\t<\/div>\n\t\t<\/section>\n\t\t\t\t<section class=\"elementor-section elementor-top-section elementor-element elementor-element-25d6449 elementor-section-boxed elementor-section-height-default elementor-section-height-default\" data-id=\"25d6449\" data-element_type=\"section\">\n\t\t\t\t\t\t<div class=\"elementor-container elementor-column-gap-default\">\n\t\t\t\t\t<div class=\"elementor-column elementor-col-100 elementor-top-column elementor-element elementor-element-7f61345\" data-id=\"7f61345\" data-element_type=\"column\">\n\t\t\t<div class=\"elementor-widget-wrap\">\n\t\t\t\t\t\t\t<\/div>\n\t\t<\/div>\n\t\t\t\t\t<\/div>\n\t\t<\/section>\n\t\t\t\t<\/div>\n\t\t","protected":false},"excerpt":{"rendered":"<p>\u00c4r du intresserad av att jobba p\u00e5 \u00c4lv\u00e5sa i sommar? \u00c4lv\u00e5sa \u00e4r en kristen sommarg\u00e5rd inom \u00d6sta fritidsomr\u00e5de som drivs gemensamt av Nora-T\u00e4rnsj\u00f6 missionsf\u00f6rsamling, Betel T\u00e4rnsj\u00f6, Equmeniakyrkan \u00d6sterv\u00e5la, Centrumkyrkan Heby&hellip;&nbsp;<a href=\"https:\/\/alvasa.se\/wordpress\/?page_id=873\" class=\"\" rel=\"bookmark\">L\u00e4s mer &raquo;<span class=\"screen-reader-text\">Sommarjobb 2026<\/span><\/a><\/p>\n","protected":false},"author":4,"featured_media":0,"parent":0,"menu_order":0,"comment_status":"closed","ping_status":"open","template":"","meta":{"neve_meta_sidebar":"","neve_meta_container":"","neve_meta_enable_content_width":"","neve_meta_content_width":0,"neve_meta_title_alignment":"","neve_meta_author_avatar":"","neve_post_elements_order":"","neve_meta_disable_header":"","neve_meta_disable_footer":"","neve_meta_disable_title":"","footnotes":""},"class_list":["post-873","page","type-page","status-publish","hentry"],"_links":{"self":[{"href":"https:\/\/alvasa.se\/wordpress\/index.php?rest_route=\/wp\/v2\/pages\/873","targetHints":{"allow":["GET"]}}],"collection":[{"href":"https:\/\/alvasa.se\/wordpress\/index.php?rest_route=\/wp\/v2\/pages"}],"about":[{"href":"https:\/\/alvasa.se\/wordpress\/index.php?rest_route=\/wp\/v2\/types\/page"}],"author":[{"embeddable":true,"href":"https:\/\/alvasa.se\/wordpress\/index.php?rest_route=\/wp\/v2\/users\/4"}],"replies":[{"embeddable":true,"href":"https:\/\/alvasa.se\/wordpress\/index.php?rest_route=%2Fwp%2Fv2%2Fcomments&post=873"}],"version-history":[{"count":40,"href":"https:\/\/alvasa.se\/wordpress\/index.php?rest_route=\/wp\/v2\/pages\/873\/revisions"}],"predecessor-version":[{"id":3168,"href":"https:\/\/alvasa.se\/wordpress\/index.php?rest_route=\/wp\/v2\/pages\/873\/revisions\/3168"}],"wp:attachment":[{"href":"https:\/\/alvasa.se\/wordpress\/index.php?rest_route=%2Fwp%2Fv2%2Fmedia&parent=873"}],"curies":[{"name":"wp","href":"https:\/\/api.w.org\/{rel}","templated":true}]}}