{"id":684,"date":"2013-07-01T21:15:24","date_gmt":"2013-07-01T20:15:24","guid":{"rendered":"http:\/\/www.alvasa.se\/wordpress\/?page_id=684"},"modified":"2020-07-09T08:28:18","modified_gmt":"2020-07-09T07:28:18","slug":"marcus-birro-pa-alvasa","status":"publish","type":"page","link":"https:\/\/alvasa.se\/wordpress\/?page_id=684","title":{"rendered":"Marcus Birro p\u00e5 \u00c4lv\u00e5sa"},"content":{"rendered":"\t\t<div data-elementor-type=\"wp-page\" data-elementor-id=\"684\" class=\"elementor elementor-684\" data-elementor-post-type=\"page\">\n\t\t\t\t\t\t<section class=\"elementor-section elementor-top-section elementor-element elementor-element-c866405 elementor-section-boxed elementor-section-height-default elementor-section-height-default\" data-id=\"c866405\" data-element_type=\"section\">\n\t\t\t\t\t\t<div class=\"elementor-container elementor-column-gap-default\">\n\t\t\t\t\t<div class=\"elementor-column elementor-col-100 elementor-top-column elementor-element elementor-element-49e7599\" data-id=\"49e7599\" data-element_type=\"column\">\n\t\t\t<div class=\"elementor-widget-wrap elementor-element-populated\">\n\t\t\t\t\t\t<div class=\"elementor-element elementor-element-f093cf4 elementor-widget elementor-widget-heading\" data-id=\"f093cf4\" data-element_type=\"widget\" data-widget_type=\"heading.default\">\n\t\t\t\t<div class=\"elementor-widget-container\">\n\t\t\t\t\t<h2 class=\"elementor-heading-title elementor-size-default\">Marcus Birro p\u00e5 \u00c4lv\u00e5sa<\/h2>\t\t\t\t<\/div>\n\t\t\t\t<\/div>\n\t\t\t\t\t<\/div>\n\t\t<\/div>\n\t\t\t\t\t<\/div>\n\t\t<\/section>\n\t\t\t\t<section class=\"elementor-section elementor-top-section elementor-element elementor-element-4d20dd38 elementor-section-boxed elementor-section-height-default elementor-section-height-default\" data-id=\"4d20dd38\" data-element_type=\"section\">\n\t\t\t\t\t\t<div class=\"elementor-container elementor-column-gap-default\">\n\t\t\t\t\t<div class=\"elementor-column elementor-col-100 elementor-top-column elementor-element elementor-element-3a9f3eb3\" data-id=\"3a9f3eb3\" data-element_type=\"column\">\n\t\t\t<div class=\"elementor-widget-wrap elementor-element-populated\">\n\t\t\t\t\t\t<div class=\"elementor-element elementor-element-d85d4bb elementor-widget elementor-widget-text-editor\" data-id=\"d85d4bb\" data-element_type=\"widget\" data-widget_type=\"text-editor.default\">\n\t\t\t\t<div class=\"elementor-widget-container\">\n\t\t\t\t\t\t\t\t\t<p>L\u00f6rdagen den 29 juni 2013 bes\u00f6kte Marcus Birro \u00c4lv\u00e5sa. Det var en sk\u00f6n kv\u00e4ll, sol, myggfritt och poeten och samh\u00e4llsdebat\u00f6ren Marcus talade om allt fr\u00e5n Italiensk fotboll, sina ljusa och m\u00f6rka stunder och tron.<\/p>\t\t\t\t\t\t\t\t<\/div>\n\t\t\t\t<\/div>\n\t\t\t\t\t<\/div>\n\t\t<\/div>\n\t\t\t\t\t<\/div>\n\t\t<\/section>\n\t\t\t\t<section class=\"elementor-section elementor-top-section elementor-element elementor-element-59ecc76 elementor-section-boxed elementor-section-height-default elementor-section-height-default\" data-id=\"59ecc76\" data-element_type=\"section\">\n\t\t\t\t\t\t<div class=\"elementor-container elementor-column-gap-default\">\n\t\t\t\t\t<div class=\"elementor-column elementor-col-100 elementor-top-column elementor-element elementor-element-046132d\" data-id=\"046132d\" data-element_type=\"column\">\n\t\t\t<div class=\"elementor-widget-wrap elementor-element-populated\">\n\t\t\t\t\t\t<div class=\"elementor-element elementor-element-5a6e081 gallery-spacing-custom elementor-widget elementor-widget-image-gallery\" data-id=\"5a6e081\" data-element_type=\"widget\" data-widget_type=\"image-gallery.default\">\n\t\t\t\t<div class=\"elementor-widget-container\">\n\t\t\t\t\t\t\t<div class=\"elementor-image-gallery\">\n\t\t\t<div id='gallery-1' class='gallery galleryid-684 gallery-columns-3 gallery-size-neve-blog'><dl class='gallery-item'>\n\t\t\t<dt class='gallery-icon landscape'>\n\t\t\t\t<a data-elementor-open-lightbox=\"yes\" data-elementor-lightbox-slideshow=\"5a6e081\" data-elementor-lightbox-title=\"Marcus Birro\" data-e-action-hash=\"#elementor-action%3Aaction%3Dlightbox%26settings%3DeyJpZCI6Njk3LCJ1cmwiOiJodHRwczpcL1wvYWx2YXNhLnNlXC93b3JkcHJlc3NcL3dwLWNvbnRlbnRcL3VwbG9hZHNcLzIwMTNcLzA3XC9cdTAwYzRsdlx1MDBlNXNhLTA4Ni5qcGciLCJzbGlkZXNob3ciOiI1YTZlMDgxIn0%3D\" href='https:\/\/alvasa.se\/wordpress\/wp-content\/uploads\/2013\/07\/\u00c4lv\u00e5sa-086.jpg' title=\"\" data-rl_title=\"\" class=\"rl-gallery-link\" data-rl_caption=\"\" data-rel=\"lightbox-gallery-1\"><img fetchpriority=\"high\" decoding=\"async\" width=\"800\" height=\"534\" src=\"https:\/\/alvasa.se\/wordpress\/wp-content\/uploads\/2013\/07\/\u00c4lv\u00e5sa-086.jpg\" class=\"attachment-neve-blog size-neve-blog\" alt=\"\" srcset=\"https:\/\/alvasa.se\/wordpress\/wp-content\/uploads\/2013\/07\/\u00c4lv\u00e5sa-086.jpg 800w, https:\/\/alvasa.se\/wordpress\/wp-content\/uploads\/2013\/07\/\u00c4lv\u00e5sa-086-300x200.jpg 300w\" sizes=\"(max-width: 800px) 100vw, 800px\" \/><\/a>\n\t\t\t<\/dt><\/dl><dl class='gallery-item'>\n\t\t\t<dt class='gallery-icon landscape'>\n\t\t\t\t<a data-elementor-open-lightbox=\"yes\" data-elementor-lightbox-slideshow=\"5a6e081\" data-elementor-lightbox-title=\"Marcus Birro\" data-e-action-hash=\"#elementor-action%3Aaction%3Dlightbox%26settings%3DeyJpZCI6Njk4LCJ1cmwiOiJodHRwczpcL1wvYWx2YXNhLnNlXC93b3JkcHJlc3NcL3dwLWNvbnRlbnRcL3VwbG9hZHNcLzIwMTNcLzA3XC9cdTAwYzRsdlx1MDBlNXNhLTA4OS5qcGciLCJzbGlkZXNob3ciOiI1YTZlMDgxIn0%3D\" href='https:\/\/alvasa.se\/wordpress\/wp-content\/uploads\/2013\/07\/\u00c4lv\u00e5sa-089.jpg' title=\"\" data-rl_title=\"\" class=\"rl-gallery-link\" data-rl_caption=\"\" data-rel=\"lightbox-gallery-1\"><img decoding=\"async\" width=\"800\" height=\"534\" src=\"https:\/\/alvasa.se\/wordpress\/wp-content\/uploads\/2013\/07\/\u00c4lv\u00e5sa-089.jpg\" class=\"attachment-neve-blog size-neve-blog\" alt=\"\" srcset=\"https:\/\/alvasa.se\/wordpress\/wp-content\/uploads\/2013\/07\/\u00c4lv\u00e5sa-089.jpg 800w, https:\/\/alvasa.se\/wordpress\/wp-content\/uploads\/2013\/07\/\u00c4lv\u00e5sa-089-300x200.jpg 300w\" sizes=\"(max-width: 800px) 100vw, 800px\" \/><\/a>\n\t\t\t<\/dt><\/dl><dl class='gallery-item'>\n\t\t\t<dt class='gallery-icon landscape'>\n\t\t\t\t<a data-elementor-open-lightbox=\"yes\" data-elementor-lightbox-slideshow=\"5a6e081\" data-elementor-lightbox-title=\"Marcus Birro\" data-e-action-hash=\"#elementor-action%3Aaction%3Dlightbox%26settings%3DeyJpZCI6Njg4LCJ1cmwiOiJodHRwczpcL1wvYWx2YXNhLnNlXC93b3JkcHJlc3NcL3dwLWNvbnRlbnRcL3VwbG9hZHNcLzIwMTNcLzA3XC9cdTAwYzRsdlx1MDBlNXNhLTExOC5qcGciLCJzbGlkZXNob3ciOiI1YTZlMDgxIn0%3D\" href='https:\/\/alvasa.se\/wordpress\/wp-content\/uploads\/2013\/07\/\u00c4lv\u00e5sa-118.jpg' title=\"\" data-rl_title=\"\" class=\"rl-gallery-link\" data-rl_caption=\"\" data-rel=\"lightbox-gallery-1\"><img decoding=\"async\" width=\"800\" height=\"533\" src=\"https:\/\/alvasa.se\/wordpress\/wp-content\/uploads\/2013\/07\/\u00c4lv\u00e5sa-118.jpg\" class=\"attachment-neve-blog size-neve-blog\" alt=\"\" srcset=\"https:\/\/alvasa.se\/wordpress\/wp-content\/uploads\/2013\/07\/\u00c4lv\u00e5sa-118.jpg 800w, https:\/\/alvasa.se\/wordpress\/wp-content\/uploads\/2013\/07\/\u00c4lv\u00e5sa-118-300x199.jpg 300w\" sizes=\"(max-width: 800px) 100vw, 800px\" \/><\/a>\n\t\t\t<\/dt><\/dl><br style=\"clear: both\" \/><dl class='gallery-item'>\n\t\t\t<dt class='gallery-icon portrait'>\n\t\t\t\t<a data-elementor-open-lightbox=\"yes\" data-elementor-lightbox-slideshow=\"5a6e081\" data-elementor-lightbox-title=\"Marcus Birro\" data-e-action-hash=\"#elementor-action%3Aaction%3Dlightbox%26settings%3DeyJpZCI6Njg2LCJ1cmwiOiJodHRwczpcL1wvYWx2YXNhLnNlXC93b3JkcHJlc3NcL3dwLWNvbnRlbnRcL3VwbG9hZHNcLzIwMTNcLzA3XC9cdTAwYzRsdlx1MDBlNXNhLTEwMy5qcGciLCJzbGlkZXNob3ciOiI1YTZlMDgxIn0%3D\" href='https:\/\/alvasa.se\/wordpress\/wp-content\/uploads\/2013\/07\/\u00c4lv\u00e5sa-103.jpg' title=\"\" data-rl_title=\"\" class=\"rl-gallery-link\" data-rl_caption=\"\" data-rel=\"lightbox-gallery-1\"><img loading=\"lazy\" decoding=\"async\" width=\"413\" height=\"620\" src=\"https:\/\/alvasa.se\/wordpress\/wp-content\/uploads\/2013\/07\/\u00c4lv\u00e5sa-103.jpg\" class=\"attachment-neve-blog size-neve-blog\" alt=\"\" srcset=\"https:\/\/alvasa.se\/wordpress\/wp-content\/uploads\/2013\/07\/\u00c4lv\u00e5sa-103.jpg 800w, https:\/\/alvasa.se\/wordpress\/wp-content\/uploads\/2013\/07\/\u00c4lv\u00e5sa-103-200x300.jpg 200w, https:\/\/alvasa.se\/wordpress\/wp-content\/uploads\/2013\/07\/\u00c4lv\u00e5sa-103-682x1024.jpg 682w\" sizes=\"(max-width: 413px) 100vw, 413px\" \/><\/a>\n\t\t\t<\/dt><\/dl><dl class='gallery-item'>\n\t\t\t<dt class='gallery-icon portrait'>\n\t\t\t\t<a data-elementor-open-lightbox=\"yes\" data-elementor-lightbox-slideshow=\"5a6e081\" data-elementor-lightbox-title=\"Marcus Birro\" data-e-action-hash=\"#elementor-action%3Aaction%3Dlightbox%26settings%3DeyJpZCI6Njg1LCJ1cmwiOiJodHRwczpcL1wvYWx2YXNhLnNlXC93b3JkcHJlc3NcL3dwLWNvbnRlbnRcL3VwbG9hZHNcLzIwMTNcLzA3XC9cdTAwYzRsdlx1MDBlNXNhLTEwMi5qcGciLCJzbGlkZXNob3ciOiI1YTZlMDgxIn0%3D\" href='https:\/\/alvasa.se\/wordpress\/wp-content\/uploads\/2013\/07\/\u00c4lv\u00e5sa-102.jpg' title=\"\" data-rl_title=\"\" class=\"rl-gallery-link\" data-rl_caption=\"\" data-rel=\"lightbox-gallery-1\"><img loading=\"lazy\" decoding=\"async\" width=\"413\" height=\"620\" src=\"https:\/\/alvasa.se\/wordpress\/wp-content\/uploads\/2013\/07\/\u00c4lv\u00e5sa-102.jpg\" class=\"attachment-neve-blog size-neve-blog\" alt=\"\" srcset=\"https:\/\/alvasa.se\/wordpress\/wp-content\/uploads\/2013\/07\/\u00c4lv\u00e5sa-102.jpg 800w, https:\/\/alvasa.se\/wordpress\/wp-content\/uploads\/2013\/07\/\u00c4lv\u00e5sa-102-200x300.jpg 200w, https:\/\/alvasa.se\/wordpress\/wp-content\/uploads\/2013\/07\/\u00c4lv\u00e5sa-102-682x1024.jpg 682w\" sizes=\"(max-width: 413px) 100vw, 413px\" \/><\/a>\n\t\t\t<\/dt><\/dl><dl class='gallery-item'>\n\t\t\t<dt class='gallery-icon portrait'>\n\t\t\t\t<a data-elementor-open-lightbox=\"yes\" data-elementor-lightbox-slideshow=\"5a6e081\" data-elementor-lightbox-title=\"Marcus Birro\" data-e-action-hash=\"#elementor-action%3Aaction%3Dlightbox%26settings%3DeyJpZCI6NjkwLCJ1cmwiOiJodHRwczpcL1wvYWx2YXNhLnNlXC93b3JkcHJlc3NcL3dwLWNvbnRlbnRcL3VwbG9hZHNcLzIwMTNcLzA3XC9cdTAwYzRsdlx1MDBlNXNhLTA5OC5qcGciLCJzbGlkZXNob3ciOiI1YTZlMDgxIn0%3D\" href='https:\/\/alvasa.se\/wordpress\/wp-content\/uploads\/2013\/07\/\u00c4lv\u00e5sa-098.jpg' title=\"\" data-rl_title=\"\" class=\"rl-gallery-link\" data-rl_caption=\"\" data-rel=\"lightbox-gallery-1\"><img loading=\"lazy\" decoding=\"async\" width=\"413\" height=\"620\" src=\"https:\/\/alvasa.se\/wordpress\/wp-content\/uploads\/2013\/07\/\u00c4lv\u00e5sa-098.jpg\" class=\"attachment-neve-blog size-neve-blog\" alt=\"\" srcset=\"https:\/\/alvasa.se\/wordpress\/wp-content\/uploads\/2013\/07\/\u00c4lv\u00e5sa-098.jpg 800w, https:\/\/alvasa.se\/wordpress\/wp-content\/uploads\/2013\/07\/\u00c4lv\u00e5sa-098-200x300.jpg 200w, https:\/\/alvasa.se\/wordpress\/wp-content\/uploads\/2013\/07\/\u00c4lv\u00e5sa-098-682x1024.jpg 682w\" sizes=\"(max-width: 413px) 100vw, 413px\" \/><\/a>\n\t\t\t<\/dt><\/dl><br style=\"clear: both\" \/>\n\t\t<\/div>\n\t\t<\/div>\n\t\t\t\t\t\t<\/div>\n\t\t\t\t<\/div>\n\t\t\t\t\t<\/div>\n\t\t<\/div>\n\t\t\t\t\t<\/div>\n\t\t<\/section>\n\t\t\t\t<\/div>\n\t\t","protected":false},"excerpt":{"rendered":"<p>Marcus Birro p\u00e5 \u00c4lv\u00e5sa L\u00f6rdagen den 29 juni 2013 bes\u00f6kte Marcus Birro \u00c4lv\u00e5sa. Det var en sk\u00f6n kv\u00e4ll, sol, myggfritt och poeten och samh\u00e4llsdebat\u00f6ren Marcus talade om allt fr\u00e5n Italiensk&hellip;&nbsp;<a href=\"https:\/\/alvasa.se\/wordpress\/?page_id=684\" class=\"\" rel=\"bookmark\">L\u00e4s mer &raquo;<span class=\"screen-reader-text\">Marcus Birro p\u00e5 \u00c4lv\u00e5sa<\/span><\/a><\/p>\n","protected":false},"author":4,"featured_media":0,"parent":0,"menu_order":0,"comment_status":"closed","ping_status":"open","template":"page-templates\/template-pagebuilder-full-width.php","meta":{"neve_meta_sidebar":"","neve_meta_container":"","neve_meta_enable_content_width":"off","neve_meta_content_width":0,"neve_meta_title_alignment":"","neve_meta_author_avatar":"","neve_post_elements_order":"","neve_meta_disable_header":"","neve_meta_disable_footer":"","neve_meta_disable_title":"","footnotes":""},"class_list":["post-684","page","type-page","status-publish","hentry"],"_links":{"self":[{"href":"https:\/\/alvasa.se\/wordpress\/index.php?rest_route=\/wp\/v2\/pages\/684","targetHints":{"allow":["GET"]}}],"collection":[{"href":"https:\/\/alvasa.se\/wordpress\/index.php?rest_route=\/wp\/v2\/pages"}],"about":[{"href":"https:\/\/alvasa.se\/wordpress\/index.php?rest_route=\/wp\/v2\/types\/page"}],"author":[{"embeddable":true,"href":"https:\/\/alvasa.se\/wordpress\/index.php?rest_route=\/wp\/v2\/users\/4"}],"replies":[{"embeddable":true,"href":"https:\/\/alvasa.se\/wordpress\/index.php?rest_route=%2Fwp%2Fv2%2Fcomments&post=684"}],"version-history":[{"count":8,"href":"https:\/\/alvasa.se\/wordpress\/index.php?rest_route=\/wp\/v2\/pages\/684\/revisions"}],"predecessor-version":[{"id":2234,"href":"https:\/\/alvasa.se\/wordpress\/index.php?rest_route=\/wp\/v2\/pages\/684\/revisions\/2234"}],"wp:attachment":[{"href":"https:\/\/alvasa.se\/wordpress\/index.php?rest_route=%2Fwp%2Fv2%2Fmedia&parent=684"}],"curies":[{"name":"wp","href":"https:\/\/api.w.org\/{rel}","templated":true}]}}