{"id":407,"date":"2013-06-13T06:02:03","date_gmt":"2013-06-13T05:02:03","guid":{"rendered":"http:\/\/www.alvasa.se\/wordpress\/?page_id=407"},"modified":"2020-06-24T11:07:37","modified_gmt":"2020-06-24T10:07:37","slug":"sponsorer","status":"publish","type":"page","link":"https:\/\/alvasa.se\/wordpress\/?page_id=407","title":{"rendered":"Sponsorer"},"content":{"rendered":"\t\t<div data-elementor-type=\"wp-page\" data-elementor-id=\"407\" class=\"elementor elementor-407\" data-elementor-post-type=\"page\">\n\t\t\t\t\t\t<section class=\"elementor-section elementor-top-section elementor-element elementor-element-232091d2 elementor-section-boxed elementor-section-height-default elementor-section-height-default\" data-id=\"232091d2\" data-element_type=\"section\">\n\t\t\t\t\t\t<div class=\"elementor-container elementor-column-gap-default\">\n\t\t\t\t\t<div class=\"elementor-column elementor-col-100 elementor-top-column elementor-element elementor-element-193e59d6\" data-id=\"193e59d6\" data-element_type=\"column\">\n\t\t\t<div class=\"elementor-widget-wrap elementor-element-populated\">\n\t\t\t\t\t\t<div class=\"elementor-element elementor-element-5622e229 elementor-widget elementor-widget-text-editor\" data-id=\"5622e229\" data-element_type=\"widget\" data-widget_type=\"text-editor.default\">\n\t\t\t\t<div class=\"elementor-widget-container\">\n\t\t\t\t\t\t\t\t\t<ul><li>Agri Coach<\/li><li><a href=\"http:\/\/www.ahlezon.com\/?page=frontpage\" target=\"_blank\" rel=\"noopener noreferrer\">Ahlezon Produktion AB<\/a><\/li><li><a href=\"https:\/\/alexanders-bil-mek.business.site\/\" target=\"_blank\" rel=\"noopener\">Alexanders Bil &amp; Mek<\/a><\/li><li>Anders El &amp; fritid<\/li><li><a href=\"https:\/\/www.facebook.com\/bengtsdack\/\" target=\"_blank\" rel=\"noopener noreferrer\">Bengts D\u00e4ckservice AB<\/a><\/li><li><a href=\"http:\/\/bygg-sven.se\/\" target=\"_blank\" rel=\"noopener noreferrer\">Bygg-Sven AB<\/a><\/li><li>Carianne R\u00f6jer\u00e5s<\/li><li><a href=\"http:\/\/www.eklundsoptik.se\/\" target=\"_blank\" rel=\"noopener noreferrer\">Eklunds Ur Optik Guld<\/a><\/li><li>Exigo AB<\/li><li><a href=\"http:\/\/www.faringekott.se\/\" target=\"_blank\" rel=\"noopener noreferrer\">Faringe K\u00f6tt &amp; Slakt AB <\/a>&#8211; <em>Hamburgarna som grillas kommer ifr\u00e5n oss<\/em><\/li><li><a href=\"https:\/\/www.facebook.com\/Faster-Veras-Caf%C3%A9-129669090540210\/?fref=ts\" target=\"_blank\" rel=\"noopener noreferrer\">Faster Veras Caf\u00e9<\/a><\/li><li><a href=\"http:\/\/www.forsbergsbuss.se\/\" target=\"_blank\" rel=\"noopener noreferrer\">Forsbergs Buss AB<\/a><\/li><li>Grans\u00e4trabr\u00f6derna &#8211; K\u00f6p h\u00f6<\/li><li>Grenwerk, Tr\u00e4dg\u00e5rd &amp; blomster<\/li><li><a href=\"http:\/\/www.grasboror.se\/\" target=\"_blank\" rel=\"noopener noreferrer\">Gr\u00e4sbo R\u00f6r<\/a><\/li><li>G\u00f6ran Hillbom Lantbruk<\/li><li><a href=\"http:\/\/www.ica.se\/butiker\/nara\/heby\/ica-handelsboden-tarnsjo-958\/start\/\" target=\"_blank\" rel=\"noopener noreferrer\">Handelsboden T\u00e4rnsj\u00f6<\/a><\/li><li>Ingvarssons Byggpl\u00e5t<\/li><li>Jan-Olov Erikssons \u00c5keri<\/li><li><a href=\"http:\/\/www.kflarssonsrorfirma.se\/\" target=\"_blank\" rel=\"noopener noreferrer\">Karl Fredrik Larssons R\u00f6r<\/a><\/li><li><a href=\"http:\/\/www.komentreprenad.se\/\" target=\"_blank\" rel=\"noopener noreferrer\">KOM Entreprenad AB<\/a><\/li><li>Lars Jansson el<\/li><li><a href=\"https:\/\/www.lindsbrokma.se\/\" target=\"_blank\" rel=\"noopener\">Lindsbro Kma<\/a><\/li><li><a href=\"https:\/\/www.facebook.com\/malantbruk\" target=\"_blank\" rel=\"noopener\">M\u00c5 Lantbruk, Buckarby<\/a><\/li><li><a href=\"http:\/\/maklarcentrum.se\/\" target=\"_blank\" rel=\"noopener noreferrer\">M\u00e4klarcentrum<\/a><\/li><li><a href=\"https:\/\/www.inagarden.se\/\" target=\"_blank\" rel=\"noopener\">Personalkooperativet Inag\u00e5rden<\/a><\/li><li><a href=\"http:\/\/www.shst.se\/\" target=\"_blank\" rel=\"noopener noreferrer\">Sala Heby Skog &amp; Tr\u00e4dg\u00e5rd &#8211; SHST<\/a><\/li><li><a href=\"http:\/\/www.tvattex.se\" target=\"_blank\" rel=\"noopener noreferrer\">Tv\u00e4ttex<\/a><\/li><li style=\"text-align: left;\"><a href=\"http:\/\/www.tarnsjobrunnsborrning.se\/\" target=\"_blank\" rel=\"noopener noreferrer\">T\u00e4rnsj\u00f6 Brunnsborrning AB<\/a><\/li><li><a href=\"https:\/\/www.dackteam.se\/tarnsjo-vulk\/\" target=\"_blank\" rel=\"noopener noreferrer\">T\u00e4rnsj\u00f6 Vulk AB<\/a><\/li><li>T\u00e4rnsj\u00f6 bost\u00e4der<\/li><li><a href=\"http:\/\/www.uptake.se\/\" target=\"_blank\" rel=\"noopener\">Uptake consulting<\/a><\/li><li><a href=\"http:\/\/www.vinnersjotimmerhus.se\/\" target=\"_blank\" rel=\"noopener noreferrer\">Vinnersj\u00f6 Timmerhus AB<\/a><\/li><li><a href=\"http:\/\/www.specialsnickeriet.nu\/\" target=\"_blank\" rel=\"noopener noreferrer\">V\u00e5la Specialsnickeri<\/a><\/li><li><a href=\"http:\/\/www.zetterbergs.se\/\" target=\"_blank\" rel=\"noopener noreferrer\">Zetterbergs<\/a><\/li><li><a href=\"https:\/\/www.facebook.com\/pages\/category\/Contractor\/%C3%96sta-Holm-Bygg-AB-229229164088490\/\" target=\"_blank\" rel=\"noopener\">\u00d6staholms Bygg AB<\/a><\/li><\/ul>\t\t\t\t\t\t\t\t<\/div>\n\t\t\t\t<\/div>\n\t\t\t\t\t<\/div>\n\t\t<\/div>\n\t\t\t\t\t<\/div>\n\t\t<\/section>\n\t\t\t\t<\/div>\n\t\t","protected":false},"excerpt":{"rendered":"<p>Agri Coach Ahlezon Produktion AB Alexanders Bil &amp; Mek Anders El &amp; fritid Bengts D\u00e4ckservice AB Bygg-Sven AB Carianne R\u00f6jer\u00e5s Eklunds Ur Optik Guld Exigo AB Faringe K\u00f6tt &amp; Slakt&hellip;&nbsp;<a href=\"https:\/\/alvasa.se\/wordpress\/?page_id=407\" class=\"\" rel=\"bookmark\">L\u00e4s mer &raquo;<span class=\"screen-reader-text\">Sponsorer<\/span><\/a><\/p>\n","protected":false},"author":4,"featured_media":0,"parent":0,"menu_order":0,"comment_status":"closed","ping_status":"open","template":"","meta":{"neve_meta_sidebar":"","neve_meta_container":"","neve_meta_enable_content_width":"off","neve_meta_content_width":0,"neve_meta_title_alignment":"","neve_meta_author_avatar":"","neve_post_elements_order":"","neve_meta_disable_header":"","neve_meta_disable_footer":"","neve_meta_disable_title":"","footnotes":""},"class_list":["post-407","page","type-page","status-publish","hentry"],"_links":{"self":[{"href":"https:\/\/alvasa.se\/wordpress\/index.php?rest_route=\/wp\/v2\/pages\/407","targetHints":{"allow":["GET"]}}],"collection":[{"href":"https:\/\/alvasa.se\/wordpress\/index.php?rest_route=\/wp\/v2\/pages"}],"about":[{"href":"https:\/\/alvasa.se\/wordpress\/index.php?rest_route=\/wp\/v2\/types\/page"}],"author":[{"embeddable":true,"href":"https:\/\/alvasa.se\/wordpress\/index.php?rest_route=\/wp\/v2\/users\/4"}],"replies":[{"embeddable":true,"href":"https:\/\/alvasa.se\/wordpress\/index.php?rest_route=%2Fwp%2Fv2%2Fcomments&post=407"}],"version-history":[{"count":21,"href":"https:\/\/alvasa.se\/wordpress\/index.php?rest_route=\/wp\/v2\/pages\/407\/revisions"}],"predecessor-version":[{"id":2146,"href":"https:\/\/alvasa.se\/wordpress\/index.php?rest_route=\/wp\/v2\/pages\/407\/revisions\/2146"}],"wp:attachment":[{"href":"https:\/\/alvasa.se\/wordpress\/index.php?rest_route=%2Fwp%2Fv2%2Fmedia&parent=407"}],"curies":[{"name":"wp","href":"https:\/\/api.w.org\/{rel}","templated":true}]}}