{"id":3000,"date":"2025-03-24T07:37:26","date_gmt":"2025-03-24T06:37:26","guid":{"rendered":"https:\/\/alvasa.se\/wordpress\/?page_id=3000"},"modified":"2026-04-09T09:25:15","modified_gmt":"2026-04-09T08:25:15","slug":"sommaren-narmar-sig","status":"publish","type":"page","link":"https:\/\/alvasa.se\/wordpress\/","title":{"rendered":"Sommaren n\u00e4rmar sig"},"content":{"rendered":"\t\t<div data-elementor-type=\"wp-page\" data-elementor-id=\"3000\" class=\"elementor elementor-3000\" data-elementor-post-type=\"page\">\n\t\t\t\t\t\t<section class=\"elementor-section elementor-top-section elementor-element elementor-element-b13d0e7 elementor-section-height-min-height elementor-section-content-top elementor-section-boxed elementor-section-height-default elementor-section-items-middle\" data-id=\"b13d0e7\" data-element_type=\"section\">\n\t\t\t\t\t\t\t<div class=\"elementor-background-overlay\"><\/div>\n\t\t\t\t\t\t\t<div class=\"elementor-container elementor-column-gap-default\">\n\t\t\t\t\t<div class=\"elementor-column elementor-col-100 elementor-top-column elementor-element elementor-element-8955671\" data-id=\"8955671\" data-element_type=\"column\">\n\t\t\t<div class=\"elementor-widget-wrap\">\n\t\t\t\t\t\t\t<\/div>\n\t\t<\/div>\n\t\t\t\t\t<\/div>\n\t\t<\/section>\n\t\t\t\t<section class=\"elementor-section elementor-top-section elementor-element elementor-element-11f1634 elementor-section-boxed elementor-section-height-default elementor-section-height-default\" data-id=\"11f1634\" data-element_type=\"section\">\n\t\t\t\t\t\t<div class=\"elementor-container elementor-column-gap-default\">\n\t\t\t\t\t<div class=\"elementor-column elementor-col-66 elementor-top-column elementor-element elementor-element-6347588\" data-id=\"6347588\" data-element_type=\"column\">\n\t\t\t<div class=\"elementor-widget-wrap elementor-element-populated\">\n\t\t\t\t\t\t<div class=\"elementor-element elementor-element-d44d37d elementor-widget elementor-widget-heading\" data-id=\"d44d37d\" data-element_type=\"widget\" data-widget_type=\"heading.default\">\n\t\t\t\t<div class=\"elementor-widget-container\">\n\t\t\t\t\t<h2 class=\"elementor-heading-title elementor-size-default\">Sommaren \u00e4r n\u00e4ra<\/h2>\t\t\t\t<\/div>\n\t\t\t\t<\/div>\n\t\t\t\t<div class=\"elementor-element elementor-element-a9ec87c elementor-widget elementor-widget-text-editor\" data-id=\"a9ec87c\" data-element_type=\"widget\" data-widget_type=\"text-editor.default\">\n\t\t\t\t<div class=\"elementor-widget-container\">\n\t\t\t\t\t\t\t\t\t<div class=\"html-div xdj266r x14z9mp xat24cr x1lziwak xexx8yu xyri2b x18d9i69 x1c1uobl\"><div class=\"html-div xdj266r x14z9mp xat24cr x1lziwak xexx8yu xyri2b x18d9i69 x1c1uobl\" dir=\"auto\"><div class=\"html-div xdj266r x14z9mp xat24cr x1lziwak xexx8yu xyri2b x18d9i69 x1c1uobl\" data-ad-rendering-role=\"story_message\"><div class=\"x1l90r2v x1iorvi4 x1g0dm76 xpdmqnj\" data-ad-comet-preview=\"message\" data-ad-preview=\"message\"><div class=\"x78zum5 xdt5ytf xz62fqu x16ldp7u\"><div class=\"xu06os2 x1ok221b\"><div class=\"html-div xdj266r x14z9mp xat24cr x1lziwak xexx8yu xyri2b x18d9i69 x1c1uobl\"><div class=\"xdj266r x14z9mp xat24cr x1lziwak x1vvkbs x126k92a\"><div dir=\"auto\">Snart \u00f6ppnar \u00c4lv\u00e5sa!<\/div><div dir=\"auto\">P\u00e5 fredag 12 juni kl 18:00 \u00f6ppnar \u00c4lv\u00e5sa igen <span class=\"html-span xexx8yu xyri2b x18d9i69 x1c1uobl x1hl2dhg x16tdsg8 x1vvkbs x3nfvp2 x1j61x8r x1fcty0u xdj266r xat24cr xm2jcoa x1mpyi22 xxymvpz xlup9mm x1kky2od\"><img decoding=\"async\" class=\"xz74otr x15mokao x1ga7v0g x16uus16 xbiv7yw\" src=\"https:\/\/static.xx.fbcdn.net\/images\/emoji.php\/v9\/tf0\/1\/16\/1f338.png\" alt=\"\ud83c\udf38\" width=\"16\" height=\"16\" \/><\/span><\/div><div dir=\"auto\"><span class=\"html-span xexx8yu xyri2b x18d9i69 x1c1uobl x1hl2dhg x16tdsg8 x1vvkbs x3nfvp2 x1j61x8r x1fcty0u xdj266r xat24cr xm2jcoa x1mpyi22 xxymvpz xlup9mm x1kky2od\">\u00a0<\/span><\/div><\/div><div class=\"x14z9mp xat24cr x1lziwak x1vvkbs xtlvy1s x126k92a\"><div dir=\"auto\">H\u00e5ll utkik h\u00e4r p\u00e5 v\u00e5ra sociala medier eller h\u00e4r p\u00e5 hemsidan f\u00f6r kommande information om \u00e5rets program och nyheter.<\/div><\/div><div class=\"x14z9mp xat24cr x1lziwak x1vvkbs xtlvy1s x126k92a\"><div dir=\"auto\">Som vanligt s\u00e5 kommer vi sj\u00e4lvklart att tillverka v\u00e5r hemgjorda kulglass i sommar.<\/div><div dir=\"auto\">Har du n\u00e5got f\u00f6rslag p\u00e5 en ny smak vi b\u00f6r testa? G\u00e5 in p\u00e5 v\u00e5ra <a href=\"https:\/\/www.facebook.com\/photo?fbid=1560462886088254&amp;set=a.433745062093381\">sociala medier<\/a> och kommentera g\u00e4rna, s\u00e5 kanske just ditt f\u00f6rslag kan bli sommarens favoritglass<span class=\"html-span xexx8yu xyri2b x18d9i69 x1c1uobl x1hl2dhg x16tdsg8 x1vvkbs x3nfvp2 x1j61x8r x1fcty0u xdj266r xat24cr xm2jcoa x1mpyi22 xxymvpz xlup9mm x1kky2od\"><img decoding=\"async\" class=\"xz74otr x15mokao x1ga7v0g x16uus16 xbiv7yw\" src=\"https:\/\/static.xx.fbcdn.net\/images\/emoji.php\/v9\/t4f\/1\/16\/1f447.png\" alt=\"\ud83d\udc47\" width=\"16\" height=\"16\" \/><\/span><span class=\"html-span xexx8yu xyri2b x18d9i69 x1c1uobl x1hl2dhg x16tdsg8 x1vvkbs x3nfvp2 x1j61x8r x1fcty0u xdj266r xat24cr xm2jcoa x1mpyi22 xxymvpz xlup9mm x1kky2od\"><img decoding=\"async\" class=\"xz74otr x15mokao x1ga7v0g x16uus16 xbiv7yw\" src=\"https:\/\/static.xx.fbcdn.net\/images\/emoji.php\/v9\/tcd\/1\/16\/1f368.png\" alt=\"\ud83c\udf68\" width=\"16\" height=\"16\" \/><\/span><\/div><\/div><div class=\"x14z9mp xat24cr x1lziwak x1vvkbs xtlvy1s x126k92a\"><div dir=\"auto\">Vi ses i sommar!<\/div><\/div><\/div><\/div><\/div><\/div><\/div><\/div><\/div>\t\t\t\t\t\t\t\t<\/div>\n\t\t\t\t<\/div>\n\t\t\t\t<div class=\"elementor-element elementor-element-a7f50ab elementor-widget elementor-widget-image\" data-id=\"a7f50ab\" data-element_type=\"widget\" data-widget_type=\"image.default\">\n\t\t\t\t<div class=\"elementor-widget-container\">\n\t\t\t\t\t\t\t\t\t\t\t\t\t\t\t<img loading=\"lazy\" decoding=\"async\" width=\"768\" height=\"1024\" src=\"https:\/\/alvasa.se\/wordpress\/wp-content\/uploads\/2026\/04\/Alvasa-768x1024.jpg\" class=\"attachment-large size-large wp-image-3172\" alt=\"\" srcset=\"https:\/\/alvasa.se\/wordpress\/wp-content\/uploads\/2026\/04\/Alvasa-768x1024.jpg 768w, https:\/\/alvasa.se\/wordpress\/wp-content\/uploads\/2026\/04\/Alvasa-225x300.jpg 225w, https:\/\/alvasa.se\/wordpress\/wp-content\/uploads\/2026\/04\/Alvasa-1152x1536.jpg 1152w, https:\/\/alvasa.se\/wordpress\/wp-content\/uploads\/2026\/04\/Alvasa.jpg 1440w\" sizes=\"(max-width: 768px) 100vw, 768px\" \/>\t\t\t\t\t\t\t\t\t\t\t\t\t\t\t<\/div>\n\t\t\t\t<\/div>\n\t\t\t\t\t<\/div>\n\t\t<\/div>\n\t\t\t\t<div class=\"elementor-column elementor-col-33 elementor-top-column elementor-element elementor-element-93f3f69\" data-id=\"93f3f69\" data-element_type=\"column\">\n\t\t\t<div class=\"elementor-widget-wrap elementor-element-populated\">\n\t\t\t\t\t\t<div class=\"elementor-element elementor-element-052d1b2 elementor-widget elementor-widget-sidebar\" data-id=\"052d1b2\" data-element_type=\"widget\" data-widget_type=\"sidebar.default\">\n\t\t\t\t<div class=\"elementor-widget-container\">\n\t\t\t\t\t<div id=\"linkcat-2\" class=\"widget widget_links\"><p class=\"widget-title\">L\u00e4nklista<\/p>\n\t<ul class='xoxo blogroll'>\n<li><a href=\"https:\/\/www.facebook.com\/pages\/%C3%84lv%C3%A5sa\/108035082659063\" rel=\"noopener\" title=\"V\u00e5r facebook sida\" target=\"_blank\">\u00c4lv\u00e5sa p\u00e5 Facebook<\/a><\/li>\n<li><a href=\"https:\/\/beteltarnsjo.se\/\" rel=\"noopener\" title=\"Betel T\u00e4rnsj\u00f6\" target=\"_blank\">Betel T\u00e4rnsj\u00f6<\/a><\/li>\n<li><a href=\"http:\/\/www.ckheby.se\" rel=\"noopener\" title=\"Centrumkyrkan Heby\" target=\"_blank\">Centrumkyrkan i Heby<\/a><\/li>\n<li><a href=\"http:\/\/equmeniakyrkan.se\/ostervala\/\" rel=\"noopener\" title=\"Equmeniakyrkan \u00d6sterv\u00e5la\" target=\"_blank\">Equmeniakyrkan \u00d6sterv\u00e5la<\/a><\/li>\n<li><a href=\"https:\/\/www.harbomissionskyrka.se\/\">Harbo missions-f\u00f6rsamling<\/a><\/li>\n<li><a href=\"https:\/\/korskyrkan.in\/\" title=\"Korskyrkan, \u00d6sterv\u00e5la &#8211; en plats f\u00f6r dig\">Korskyrkan, \u00d6sterv\u00e5la<\/a><\/li>\n<li><a href=\"http:\/\/equmeniakyrkan.se\/noratarnsjo\/\" rel=\"noopener\" title=\"Nora-T\u00e4rnsj\u00f6 Missionsf\u00f6rsamling\" target=\"_blank\">Nora-T\u00e4rnsj\u00f6 Missionsf\u00f6rsamling<\/a><\/li>\n<li><a href=\"https:\/\/ostacamping.se\/\" rel=\"noopener\" title=\"Camping i n\u00e4rheten av \u00c4lv\u00e5sa\" target=\"_blank\">\u00d6sta camping<\/a><\/li>\n<li><a href=\"http:\/\/www.bilda.nu\" rel=\"noopener\" title=\"Caf\u00e9 \u00c4lv\u00e5sa och Konserter sammordnas med Bilda\" target=\"_blank\">Sammarbetspartner &#8211; Bilda<\/a><\/li>\n<li><a href=\"https:\/\/www.supersaas.se\/schedule\/alvasacafe\/Tj\u00e4nstg\u00f6ring_\u00c4lv\u00e5sa_2026\">Tj\u00e4nstg\u00f6ringsschema<\/a><\/li>\n\n\t<\/ul>\n<\/div>\n\t\t\t\t<\/div>\n\t\t\t\t<\/div>\n\t\t\t\t<div class=\"elementor-element elementor-element-d514f24 elementor-widget elementor-widget-shortcode\" data-id=\"d514f24\" data-element_type=\"widget\" data-widget_type=\"shortcode.default\">\n\t\t\t\t<div class=\"elementor-widget-container\">\n\t\t\t\t\t\t\t<div class=\"elementor-shortcode\"><iframe src=\"https:\/\/calendar.google.com\/calendar\/embed?height=600&wkst=2&ctz=Europe%2FStockholm&showPrint=0&mode=AGENDA&src=cmtqZG9vYTNxMnI2aG1sZmxjbTY5dTZodHNAZ3JvdXAuY2FsZW5kYXIuZ29vZ2xlLmNvbQ&src=c3Yuc3dlZGlzaCNob2xpZGF5QGdyb3VwLnYuY2FsZW5kYXIuZ29vZ2xlLmNvbQ&color=%23f4511e&color=%23ef6c00\" style=\"border:solid 1px #777\" width=\"800\" height=\"600\" frameborder=\"0\" scrolling=\"no\"><\/iframe><\/div>\n\t\t\t\t\t\t<\/div>\n\t\t\t\t<\/div>\n\t\t\t\t\t<\/div>\n\t\t<\/div>\n\t\t\t\t\t<\/div>\n\t\t<\/section>\n\t\t\t\t<section class=\"elementor-section elementor-top-section elementor-element elementor-element-e489abe elementor-section-boxed elementor-section-height-default elementor-section-height-default\" data-id=\"e489abe\" data-element_type=\"section\">\n\t\t\t\t\t\t<div class=\"elementor-container elementor-column-gap-default\">\n\t\t\t\t\t<div class=\"elementor-column elementor-col-100 elementor-top-column elementor-element elementor-element-c3c4b11\" data-id=\"c3c4b11\" data-element_type=\"column\">\n\t\t\t<div class=\"elementor-widget-wrap elementor-element-populated\">\n\t\t\t\t\t\t<section class=\"elementor-section elementor-inner-section elementor-element elementor-element-56d5ba3 elementor-section-boxed elementor-section-height-default elementor-section-height-default\" data-id=\"56d5ba3\" data-element_type=\"section\">\n\t\t\t\t\t\t<div class=\"elementor-container elementor-column-gap-default\">\n\t\t\t\t\t<div class=\"elementor-column elementor-col-100 elementor-inner-column elementor-element elementor-element-88c8939 elementor-invisible\" data-id=\"88c8939\" data-element_type=\"column\" data-settings=\"{&quot;animation&quot;:&quot;fadeIn&quot;}\">\n\t\t\t<div class=\"elementor-widget-wrap elementor-element-populated\">\n\t\t\t\t\t\t<div class=\"elementor-element elementor-element-0d8a99a elementor-widget elementor-widget-heading\" data-id=\"0d8a99a\" data-element_type=\"widget\" data-widget_type=\"heading.default\">\n\t\t\t\t<div class=\"elementor-widget-container\">\n\t\t\t\t\t<h2 class=\"elementor-heading-title elementor-size-default\">fr\u00e5n instagram<\/h2>\t\t\t\t<\/div>\n\t\t\t\t<\/div>\n\t\t\t\t<div class=\"elementor-element elementor-element-0d73651 elementor-widget-divider--view-line elementor-widget elementor-widget-divider\" data-id=\"0d73651\" data-element_type=\"widget\" data-widget_type=\"divider.default\">\n\t\t\t\t<div class=\"elementor-widget-container\">\n\t\t\t\t\t\t\t<div class=\"elementor-divider\">\n\t\t\t<span class=\"elementor-divider-separator\">\n\t\t\t\t\t\t<\/span>\n\t\t<\/div>\n\t\t\t\t\t\t<\/div>\n\t\t\t\t<\/div>\n\t\t\t\t\t<\/div>\n\t\t<\/div>\n\t\t\t\t\t<\/div>\n\t\t<\/section>\n\t\t\t\t<div class=\"elementor-element elementor-element-841bb2a elementor-widget elementor-widget-wp-widget-instagram-feed-widget\" data-id=\"841bb2a\" data-element_type=\"widget\" data-widget_type=\"wp-widget-instagram-feed-widget.default\">\n\t\t\t\t<div class=\"elementor-widget-container\">\n\t\t\t\t\t\n<div id=\"sb_instagram\"  class=\"sbi sbi_mob_col_1 sbi_tab_col_2 sbi_col_4 sbi_width_resp\" style=\"padding-bottom: 10px;width: 100%;\" data-feedid=\"*1\"  data-res=\"auto\" data-cols=\"4\" data-colsmobile=\"1\" data-colstablet=\"2\" data-num=\"20\" data-nummobile=\"\" data-item-padding=\"5\" data-shortcode-atts=\"{}\"  data-postid=\"3000\" data-locatornonce=\"fba4911300\" data-imageaspectratio=\"1:1\" data-sbi-flags=\"favorLocal\">\n\t\n    <div id=\"sbi_images\"  style=\"gap: 10px;\">\n\t\t    <\/div>\n\n\t<div id=\"sbi_load\" >\n\n\t\n\t\t\t<span class=\"sbi_follow_btn\">\n        <a href=\"https:\/\/www.instagram.com\/17841403422886599\/\" target=\"_blank\" rel=\"nofollow noopener\">\n            <svg class=\"svg-inline--fa fa-instagram fa-w-14\" aria-hidden=\"true\" data-fa-processed=\"\" aria-label=\"Instagram\" data-prefix=\"fab\" data-icon=\"instagram\" role=\"img\" viewBox=\"0 0 448 512\">\n\t                <path fill=\"currentColor\" d=\"M224.1 141c-63.6 0-114.9 51.3-114.9 114.9s51.3 114.9 114.9 114.9S339 319.5 339 255.9 287.7 141 224.1 141zm0 189.6c-41.1 0-74.7-33.5-74.7-74.7s33.5-74.7 74.7-74.7 74.7 33.5 74.7 74.7-33.6 74.7-74.7 74.7zm146.4-194.3c0 14.9-12 26.8-26.8 26.8-14.9 0-26.8-12-26.8-26.8s12-26.8 26.8-26.8 26.8 12 26.8 26.8zm76.1 27.2c-1.7-35.9-9.9-67.7-36.2-93.9-26.2-26.2-58-34.4-93.9-36.2-37-2.1-147.9-2.1-184.9 0-35.8 1.7-67.6 9.9-93.9 36.1s-34.4 58-36.2 93.9c-2.1 37-2.1 147.9 0 184.9 1.7 35.9 9.9 67.7 36.2 93.9s58 34.4 93.9 36.2c37 2.1 147.9 2.1 184.9 0 35.9-1.7 67.7-9.9 93.9-36.2 26.2-26.2 34.4-58 36.2-93.9 2.1-37 2.1-147.8 0-184.8zM398.8 388c-7.8 19.6-22.9 34.7-42.6 42.6-29.5 11.7-99.5 9-132.1 9s-102.7 2.6-132.1-9c-19.6-7.8-34.7-22.9-42.6-42.6-11.7-29.5-9-99.5-9-132.1s-2.6-102.7 9-132.1c7.8-19.6 22.9-34.7 42.6-42.6 29.5-11.7 99.5-9 132.1-9s102.7-2.6 132.1 9c19.6 7.8 34.7 22.9 42.6 42.6 11.7 29.5 9 99.5 9 132.1s2.7 102.7-9 132.1z\"><\/path>\n\t            <\/svg>            <span>F\u00f6lj p\u00e5 Instagram<\/span>\n        <\/a>\n    <\/span>\n\t\n<\/div>\n\n\t    <span class=\"sbi_resized_image_data\" data-feed-id=\"*1\" data-resized=\"[]\">\n\t<\/span>\n\t<\/div>\n\n\t\t\t\t<\/div>\n\t\t\t\t<\/div>\n\t\t\t\t\t<\/div>\n\t\t<\/div>\n\t\t\t\t\t<\/div>\n\t\t<\/section>\n\t\t\t\t<section class=\"elementor-section elementor-top-section elementor-element elementor-element-a371fe2 elementor-section-boxed elementor-section-height-default elementor-section-height-default\" data-id=\"a371fe2\" data-element_type=\"section\">\n\t\t\t\t\t\t<div class=\"elementor-container elementor-column-gap-default\">\n\t\t\t\t\t<div class=\"elementor-column elementor-col-100 elementor-top-column elementor-element elementor-element-629fef0\" data-id=\"629fef0\" data-element_type=\"column\">\n\t\t\t<div class=\"elementor-widget-wrap\">\n\t\t\t\t\t\t\t<\/div>\n\t\t<\/div>\n\t\t\t\t\t<\/div>\n\t\t<\/section>\n\t\t\t\t<\/div>\n\t\t","protected":false},"excerpt":{"rendered":"<p>Sommaren \u00e4r n\u00e4ra Snart \u00f6ppnar \u00c4lv\u00e5sa!P\u00e5 fredag 12 juni kl 18:00 \u00f6ppnar \u00c4lv\u00e5sa igen \u00a0H\u00e5ll utkik h\u00e4r p\u00e5 v\u00e5ra sociala medier eller h\u00e4r p\u00e5 hemsidan f\u00f6r kommande information om \u00e5rets&hellip;&nbsp;<a href=\"https:\/\/alvasa.se\/wordpress\/\" class=\"\" rel=\"bookmark\">L\u00e4s mer &raquo;<span class=\"screen-reader-text\">Sommaren n\u00e4rmar sig<\/span><\/a><\/p>\n","protected":false},"author":4,"featured_media":0,"parent":0,"menu_order":0,"comment_status":"closed","ping_status":"closed","template":"page-templates\/template-pagebuilder-full-width.php","meta":{"neve_meta_sidebar":"right","neve_meta_container":"","neve_meta_enable_content_width":"","neve_meta_content_width":70,"neve_meta_title_alignment":"","neve_meta_author_avatar":"","neve_post_elements_order":"","neve_meta_disable_header":"","neve_meta_disable_footer":"","neve_meta_disable_title":"","footnotes":""},"class_list":["post-3000","page","type-page","status-publish","hentry"],"_links":{"self":[{"href":"https:\/\/alvasa.se\/wordpress\/index.php?rest_route=\/wp\/v2\/pages\/3000","targetHints":{"allow":["GET"]}}],"collection":[{"href":"https:\/\/alvasa.se\/wordpress\/index.php?rest_route=\/wp\/v2\/pages"}],"about":[{"href":"https:\/\/alvasa.se\/wordpress\/index.php?rest_route=\/wp\/v2\/types\/page"}],"author":[{"embeddable":true,"href":"https:\/\/alvasa.se\/wordpress\/index.php?rest_route=\/wp\/v2\/users\/4"}],"replies":[{"embeddable":true,"href":"https:\/\/alvasa.se\/wordpress\/index.php?rest_route=%2Fwp%2Fv2%2Fcomments&post=3000"}],"version-history":[{"count":49,"href":"https:\/\/alvasa.se\/wordpress\/index.php?rest_route=\/wp\/v2\/pages\/3000\/revisions"}],"predecessor-version":[{"id":3175,"href":"https:\/\/alvasa.se\/wordpress\/index.php?rest_route=\/wp\/v2\/pages\/3000\/revisions\/3175"}],"wp:attachment":[{"href":"https:\/\/alvasa.se\/wordpress\/index.php?rest_route=%2Fwp%2Fv2%2Fmedia&parent=3000"}],"curies":[{"name":"wp","href":"https:\/\/api.w.org\/{rel}","templated":true}]}}