{"id":246,"date":"2013-06-10T14:07:22","date_gmt":"2013-06-10T13:07:22","guid":{"rendered":"http:\/\/www.alvasa.se\/wordpress\/?page_id=246"},"modified":"2016-05-27T08:57:20","modified_gmt":"2016-05-27T07:57:20","slug":"hitta-hit","status":"publish","type":"page","link":"https:\/\/alvasa.se\/wordpress\/?page_id=246","title":{"rendered":"Hitta hit"},"content":{"rendered":"<p><a href=\"http:\/\/www.alvasa.se\/wordpress\/wp-content\/uploads\/2013\/06\/Karta-2013.jpg\" data-rel=\"lightbox-image-0\" data-rl_title=\"\" data-rl_caption=\"\" title=\"\"><img fetchpriority=\"high\" decoding=\"async\" class=\"alignnone size-full wp-image-401\" src=\"http:\/\/www.alvasa.se\/wordpress\/wp-content\/uploads\/2013\/06\/Karta-2013.jpg\" alt=\"Karta 2013\" width=\"800\" height=\"956\" srcset=\"https:\/\/alvasa.se\/wordpress\/wp-content\/uploads\/2013\/06\/Karta-2013.jpg 800w, https:\/\/alvasa.se\/wordpress\/wp-content\/uploads\/2013\/06\/Karta-2013-251x300.jpg 251w\" sizes=\"(max-width: 800px) 100vw, 800px\" \/><\/a><\/p>\n<p><span style=\"color: #000000;\"><strong>Fr\u00e5n Uppsala (fr\u00e5n Sthlm, nya E4) till \u00c4lv\u00e5sa fritidsg\u00e5rd, \u00d6sta, T\u00e4rnsj\u00f6<\/strong><br \/>\nVid avfart 188 sv\u00e4ng h\u00f6ger in p\u00e5 av-\/p\u00e5farten i riktning mot Str\u00e4ngn\u00e4s\/v\u00e4g 55\/Uppsala N<br \/>\nF\u00f6lj v\u00e4g 55 (B\u00e4rbyleden) i ca 4 km<br \/>\nH\u00e5ll h\u00f6ger och sv\u00e4ng av mot v\u00e4g 272 i riktning mot Gysinge<br \/>\nEfter ca 35 km (innan Harbo samh\u00e4lle) sv\u00e4ng v\u00e4nster mot Heby, T\u00e4rnsj\u00f6<br \/>\nEfter ca 9 km (T-korsning, R\u00f6djebro), tag h\u00f6ger och f\u00f6lj skyltning mot T\u00e4rnsj\u00f6 (h\u00e5ll v\u00e4nster efter 300 meter)<br \/>\nEfter ca 10 km, tag v\u00e4nster i fyrv\u00e4gskorsningen, v\u00e4g 56 (mot Sala, V\u00e4ster\u00e5s)<br \/>\nEfter ca 3,5 km, sv\u00e4ng h\u00f6ger mot \u00d6sta och f\u00f6lj fortsatt skyltning mot \u00d6sta (h\u00e5ll v\u00e4nster efter 300 meter)<br \/>\nEfter ca 6-7 km, sv\u00e4ng v\u00e4nster (vit skylt med \u00c4lv\u00e5sa fritidsg\u00e5rd p\u00e5 h\u00f6ger sida) och d\u00e4refrer h\u00f6ger in p\u00e5 parkering.<\/span><\/p>\n<p><strong>Fr\u00e5n Enk\u00f6ping (E18, Sthlm) till \u00c4lv\u00e5sa fritidsg\u00e5rd, \u00d6sta, T\u00e4rnsj\u00f6<\/strong><br \/>\nVid avfart 142 sv\u00e4ng h\u00f6ger in p\u00e5 av-\/p\u00e5farten till v\u00e4g 70 i riktning mot Mora\/Sala<br \/>\nH\u00e5ll h\u00f6ger f\u00f6r att forts\u00e4tta p\u00e5 v\u00e4g 70 (Trafikplats Ramberga) i riktning mot Mora\/Sala<br \/>\nEfter ca 21 km (Fj\u00e4rdhundra), sv\u00e4ng h\u00f6ger in p\u00e5 v\u00e4g 254 mot Heby<br \/>\nVid fyrv\u00e4gskorsning i Heby (Statoil\/OKQ8), sv\u00e4ng v\u00e4nster<br \/>\nEfter ca 1,5 km, sv\u00e4ng h\u00f6ger in p\u00e5 v\u00e4g 56 mot G\u00e4vle<br \/>\nEfter ca 20 km, sv\u00e4ng v\u00e4nster mot \u00d6sta och f\u00f6lj fortsatt skyltning mot \u00d6sta (h\u00e5ll v\u00e4nster igen efter 300 meter)<br \/>\nEfter ca 6-7 km, sv\u00e4ng v\u00e4nster (vit skylt med \u00c4lv\u00e5sa fritidsg\u00e5rd p\u00e5 h\u00f6ger sida) och d\u00e4refrer h\u00f6ger in p\u00e5 parkering.<\/p>\n","protected":false},"excerpt":{"rendered":"<p>Fr\u00e5n Uppsala (fr\u00e5n Sthlm, nya E4) till \u00c4lv\u00e5sa fritidsg\u00e5rd, \u00d6sta, T\u00e4rnsj\u00f6 Vid avfart 188 sv\u00e4ng h\u00f6ger in p\u00e5 av-\/p\u00e5farten i riktning mot Str\u00e4ngn\u00e4s\/v\u00e4g 55\/Uppsala N F\u00f6lj v\u00e4g 55 (B\u00e4rbyleden) i&hellip;&nbsp;<a href=\"https:\/\/alvasa.se\/wordpress\/?page_id=246\" class=\"\" rel=\"bookmark\">L\u00e4s mer &raquo;<span class=\"screen-reader-text\">Hitta hit<\/span><\/a><\/p>\n","protected":false},"author":4,"featured_media":1512,"parent":0,"menu_order":0,"comment_status":"closed","ping_status":"open","template":"","meta":{"neve_meta_sidebar":"","neve_meta_container":"","neve_meta_enable_content_width":"","neve_meta_content_width":0,"neve_meta_title_alignment":"","neve_meta_author_avatar":"","neve_post_elements_order":"","neve_meta_disable_header":"","neve_meta_disable_footer":"","neve_meta_disable_title":"","footnotes":""},"class_list":["post-246","page","type-page","status-publish","has-post-thumbnail","hentry"],"_links":{"self":[{"href":"https:\/\/alvasa.se\/wordpress\/index.php?rest_route=\/wp\/v2\/pages\/246","targetHints":{"allow":["GET"]}}],"collection":[{"href":"https:\/\/alvasa.se\/wordpress\/index.php?rest_route=\/wp\/v2\/pages"}],"about":[{"href":"https:\/\/alvasa.se\/wordpress\/index.php?rest_route=\/wp\/v2\/types\/page"}],"author":[{"embeddable":true,"href":"https:\/\/alvasa.se\/wordpress\/index.php?rest_route=\/wp\/v2\/users\/4"}],"replies":[{"embeddable":true,"href":"https:\/\/alvasa.se\/wordpress\/index.php?rest_route=%2Fwp%2Fv2%2Fcomments&post=246"}],"version-history":[{"count":10,"href":"https:\/\/alvasa.se\/wordpress\/index.php?rest_route=\/wp\/v2\/pages\/246\/revisions"}],"predecessor-version":[{"id":1513,"href":"https:\/\/alvasa.se\/wordpress\/index.php?rest_route=\/wp\/v2\/pages\/246\/revisions\/1513"}],"wp:featuredmedia":[{"embeddable":true,"href":"https:\/\/alvasa.se\/wordpress\/index.php?rest_route=\/wp\/v2\/media\/1512"}],"wp:attachment":[{"href":"https:\/\/alvasa.se\/wordpress\/index.php?rest_route=%2Fwp%2Fv2%2Fmedia&parent=246"}],"curies":[{"name":"wp","href":"https:\/\/api.w.org\/{rel}","templated":true}]}}