{"id":2096,"date":"2020-06-16T07:44:30","date_gmt":"2020-06-16T06:44:30","guid":{"rendered":"http:\/\/alvasa.se\/wordpress\/?page_id=2096"},"modified":"2020-07-01T07:37:41","modified_gmt":"2020-07-01T06:37:41","slug":"bibelfordjupning","status":"publish","type":"page","link":"https:\/\/alvasa.se\/wordpress\/?page_id=2096","title":{"rendered":"Bibelf\u00f6rdjupning"},"content":{"rendered":"\t\t<div data-elementor-type=\"wp-page\" data-elementor-id=\"2096\" class=\"elementor elementor-2096\" data-elementor-post-type=\"page\">\n\t\t\t\t\t\t<section class=\"elementor-section elementor-top-section elementor-element elementor-element-324b4d0 elementor-section-boxed elementor-section-height-default elementor-section-height-default\" data-id=\"324b4d0\" data-element_type=\"section\">\n\t\t\t\t\t\t<div class=\"elementor-container elementor-column-gap-default\">\n\t\t\t\t\t<div class=\"elementor-column elementor-col-100 elementor-top-column elementor-element elementor-element-6d1bbb2\" data-id=\"6d1bbb2\" data-element_type=\"column\">\n\t\t\t<div class=\"elementor-widget-wrap elementor-element-populated\">\n\t\t\t\t\t\t<div class=\"elementor-element elementor-element-c021059 elementor-widget elementor-widget-heading\" data-id=\"c021059\" data-element_type=\"widget\" data-widget_type=\"heading.default\">\n\t\t\t\t<div class=\"elementor-widget-container\">\n\t\t\t\t\t<h3 class=\"elementor-heading-title elementor-size-default\">Torsdagskv\u00e4llar fr\u00e5n 25\/6 \u2013 13\/8<\/h3>\t\t\t\t<\/div>\n\t\t\t\t<\/div>\n\t\t\t\t<div class=\"elementor-element elementor-element-3e5abff elementor-widget elementor-widget-text-editor\" data-id=\"3e5abff\" data-element_type=\"widget\" data-widget_type=\"text-editor.default\">\n\t\t\t\t<div class=\"elementor-widget-container\">\n\t\t\t\t\t\t\t\t\t<p>Bibelf\u00f6rdjupning:<br \/>Vi f\u00f6rdjupar oss i vad Bibeln s\u00e4ger, nytt \u00e4mne och ny f\u00f6rel\u00e4sare varje g\u00e5ng. Kom med nyfikenhet, Bibel och anteckningsblock<\/p>\t\t\t\t\t\t\t\t<\/div>\n\t\t\t\t<\/div>\n\t\t\t\t\t<\/div>\n\t\t<\/div>\n\t\t\t\t\t<\/div>\n\t\t<\/section>\n\t\t\t\t<\/div>\n\t\t","protected":false},"excerpt":{"rendered":"<p>Torsdagskv\u00e4llar fr\u00e5n 25\/6 \u2013 13\/8 Bibelf\u00f6rdjupning: Vi f\u00f6rdjupar oss i vad Bibeln s\u00e4ger, nytt \u00e4mne och ny f\u00f6rel\u00e4sare varje g\u00e5ng. Kom med nyfikenhet, Bibel och anteckningsblock<\/p>\n","protected":false},"author":4,"featured_media":0,"parent":0,"menu_order":0,"comment_status":"closed","ping_status":"closed","template":"","meta":{"neve_meta_sidebar":"full-width","neve_meta_container":"","neve_meta_enable_content_width":"on","neve_meta_content_width":100,"neve_meta_title_alignment":"","neve_meta_author_avatar":"","neve_post_elements_order":"","neve_meta_disable_header":"","neve_meta_disable_footer":"","neve_meta_disable_title":"","footnotes":""},"class_list":["post-2096","page","type-page","status-publish","hentry"],"_links":{"self":[{"href":"https:\/\/alvasa.se\/wordpress\/index.php?rest_route=\/wp\/v2\/pages\/2096","targetHints":{"allow":["GET"]}}],"collection":[{"href":"https:\/\/alvasa.se\/wordpress\/index.php?rest_route=\/wp\/v2\/pages"}],"about":[{"href":"https:\/\/alvasa.se\/wordpress\/index.php?rest_route=\/wp\/v2\/types\/page"}],"author":[{"embeddable":true,"href":"https:\/\/alvasa.se\/wordpress\/index.php?rest_route=\/wp\/v2\/users\/4"}],"replies":[{"embeddable":true,"href":"https:\/\/alvasa.se\/wordpress\/index.php?rest_route=%2Fwp%2Fv2%2Fcomments&post=2096"}],"version-history":[{"count":5,"href":"https:\/\/alvasa.se\/wordpress\/index.php?rest_route=\/wp\/v2\/pages\/2096\/revisions"}],"predecessor-version":[{"id":2178,"href":"https:\/\/alvasa.se\/wordpress\/index.php?rest_route=\/wp\/v2\/pages\/2096\/revisions\/2178"}],"wp:attachment":[{"href":"https:\/\/alvasa.se\/wordpress\/index.php?rest_route=%2Fwp%2Fv2%2Fmedia&parent=2096"}],"curies":[{"name":"wp","href":"https:\/\/api.w.org\/{rel}","templated":true}]}}