{"id":189,"date":"2013-06-10T11:48:12","date_gmt":"2013-06-10T10:48:12","guid":{"rendered":"http:\/\/www.alvasa.se\/wordpress\/?page_id=189"},"modified":"2024-04-17T12:05:44","modified_gmt":"2024-04-17T11:05:44","slug":"24-timmars","status":"publish","type":"page","link":"https:\/\/alvasa.se\/wordpress\/?page_id=189","title":{"rendered":"24-timmars"},"content":{"rendered":"\t\t<div data-elementor-type=\"wp-page\" data-elementor-id=\"189\" class=\"elementor elementor-189\" data-elementor-post-type=\"page\">\n\t\t\t\t\t\t<section class=\"elementor-section elementor-top-section elementor-element elementor-element-458bef84 elementor-section-boxed elementor-section-height-default elementor-section-height-default\" data-id=\"458bef84\" data-element_type=\"section\">\n\t\t\t\t\t\t<div class=\"elementor-container elementor-column-gap-default\">\n\t\t\t\t\t<div class=\"elementor-column elementor-col-100 elementor-top-column elementor-element elementor-element-4b3c076a\" data-id=\"4b3c076a\" data-element_type=\"column\">\n\t\t\t<div class=\"elementor-widget-wrap elementor-element-populated\">\n\t\t\t\t\t\t<div class=\"elementor-element elementor-element-3c41d631 elementor-widget__width-initial elementor-widget elementor-widget-text-editor\" data-id=\"3c41d631\" data-element_type=\"widget\" data-widget_type=\"text-editor.default\">\n\t\t\t\t<div class=\"elementor-widget-container\">\n\t\t\t\t\t\t\t\t\t<p><\/p>\n<p>\u00c4ntligen dags f\u00f6r 24-timmars fotbollsturnering p\u00e5 \u00c4lv\u00e5sa igen!!<\/p>\n<p>Start <strong>5 juli kl 18:00<\/strong> med lottning av spelschema<\/p>\n<p>Matchstart 5 juli kl 19:00 <br \/>Finalmatch 6 juli kl 17:00 (ca)<\/p>\n<h3>Kostnad<\/h3>\n<p>120kr\/person<\/p>\n<h3>\u00c5ldersgr\u00e4ns<\/h3>\n<p>15 \u00e5r (\u00e4r du yngre kan du tillfr\u00e5ga arrang\u00f6rerna om dispens)<\/p>\n<h3>Logi<\/h3>\n<p>12 sovplatser finns p\u00e5 lilla logementet, 22 sovplatser p\u00e5 stora logementet och bokas via mail &#8211; f\u00f6rst till kvarn!<\/p>\n<p>T\u00e4ltplatser finns runtom i parken och beh\u00f6ver ej bokas i f\u00f6rv\u00e4g.<\/p>\n<h3>Regler<\/h3>\n<ul>\n<li>Laget ska inneh\u00e5lla minst 2 personer av varje k\u00f6n<\/li>\n<li>Max 11 personer\/lag<\/li>\n<li>7 spelare p\u00e5 plan<\/li>\n<li>G\u00e4rna enhetlig kl\u00e4dsel i ert lag (tr\u00f6ja\/f\u00e4rg etc)<\/li>\n<\/ul>\n<p>\u00a0<\/p>\n<p>Anm\u00e4lan\/fr\u00e5gor skickas till <a href=\"mailto:alvasa24timmars@hotmail.com\">alvasa24timmars@hotmail.com<\/a><\/p>\n<p>\u00a0<\/p>\n<p><\/p>\n<p><\/p>\n<p>Du kan se flera bilder fr\u00e5n g\u00e5ngna \u00e5r under <a href=\"http:\/\/www.alvasa.se\/wordpress\/?page_id=441\">Bilder<\/a><\/p>\n<p><\/p>\n<p><\/p>\n<h3 class=\"wp-block-heading\">Vinnarlaget 2019: Why Always Me!<\/h3>\n<p><\/p>\n<p><\/p>\n<figure class=\"wp-block-image size-large\"><img fetchpriority=\"high\" decoding=\"async\" width=\"1024\" height=\"834\" class=\"wp-image-2024\" src=\"https:\/\/alvasa.se\/wordpress\/wp-content\/uploads\/2020\/06\/2019-Why-Always-Me-1024x834.jpg\" alt=\"\" srcset=\"https:\/\/alvasa.se\/wordpress\/wp-content\/uploads\/2020\/06\/2019-Why-Always-Me-1024x834.jpg 1024w, https:\/\/alvasa.se\/wordpress\/wp-content\/uploads\/2020\/06\/2019-Why-Always-Me-300x244.jpg 300w, https:\/\/alvasa.se\/wordpress\/wp-content\/uploads\/2020\/06\/2019-Why-Always-Me-768x626.jpg 768w, https:\/\/alvasa.se\/wordpress\/wp-content\/uploads\/2020\/06\/2019-Why-Always-Me.jpg 1440w\" sizes=\"(max-width: 1024px) 100vw, 1024px\" \/><\/figure>\n<p><\/p>\n<p><\/p>\n<figure><iframe src=\"https:\/\/player.vimeo.com\/video\/173432984\" width=\"640\" height=\"360\" frameborder=\"0\" allowfullscreen=\"allowfullscreen\"><\/iframe><\/figure>\n<p><\/p>\t\t\t\t\t\t\t\t<\/div>\n\t\t\t\t<\/div>\n\t\t\t\t\t<\/div>\n\t\t<\/div>\n\t\t\t\t\t<\/div>\n\t\t<\/section>\n\t\t\t\t<\/div>\n\t\t","protected":false},"excerpt":{"rendered":"<p>\u00c4ntligen dags f\u00f6r 24-timmars fotbollsturnering p\u00e5 \u00c4lv\u00e5sa igen!! Start 5 juli kl 18:00 med lottning av spelschema Matchstart 5 juli kl 19:00 Finalmatch 6 juli kl 17:00 (ca) Kostnad 120kr\/person&hellip;&nbsp;<a href=\"https:\/\/alvasa.se\/wordpress\/?page_id=189\" class=\"\" rel=\"bookmark\">L\u00e4s mer &raquo;<span class=\"screen-reader-text\">24-timmars<\/span><\/a><\/p>\n","protected":false},"author":4,"featured_media":1445,"parent":0,"menu_order":0,"comment_status":"closed","ping_status":"open","template":"","meta":{"neve_meta_sidebar":"","neve_meta_container":"","neve_meta_enable_content_width":"off","neve_meta_content_width":0,"neve_meta_title_alignment":"","neve_meta_author_avatar":"","neve_post_elements_order":"","neve_meta_disable_header":"","neve_meta_disable_footer":"","neve_meta_disable_title":"","footnotes":""},"class_list":["post-189","page","type-page","status-publish","has-post-thumbnail","hentry"],"_links":{"self":[{"href":"https:\/\/alvasa.se\/wordpress\/index.php?rest_route=\/wp\/v2\/pages\/189","targetHints":{"allow":["GET"]}}],"collection":[{"href":"https:\/\/alvasa.se\/wordpress\/index.php?rest_route=\/wp\/v2\/pages"}],"about":[{"href":"https:\/\/alvasa.se\/wordpress\/index.php?rest_route=\/wp\/v2\/types\/page"}],"author":[{"embeddable":true,"href":"https:\/\/alvasa.se\/wordpress\/index.php?rest_route=\/wp\/v2\/users\/4"}],"replies":[{"embeddable":true,"href":"https:\/\/alvasa.se\/wordpress\/index.php?rest_route=%2Fwp%2Fv2%2Fcomments&post=189"}],"version-history":[{"count":66,"href":"https:\/\/alvasa.se\/wordpress\/index.php?rest_route=\/wp\/v2\/pages\/189\/revisions"}],"predecessor-version":[{"id":2767,"href":"https:\/\/alvasa.se\/wordpress\/index.php?rest_route=\/wp\/v2\/pages\/189\/revisions\/2767"}],"wp:featuredmedia":[{"embeddable":true,"href":"https:\/\/alvasa.se\/wordpress\/index.php?rest_route=\/wp\/v2\/media\/1445"}],"wp:attachment":[{"href":"https:\/\/alvasa.se\/wordpress\/index.php?rest_route=%2Fwp%2Fv2%2Fmedia&parent=189"}],"curies":[{"name":"wp","href":"https:\/\/api.w.org\/{rel}","templated":true}]}}