{"id":1136,"date":"2015-06-11T06:21:51","date_gmt":"2015-06-11T05:21:51","guid":{"rendered":"http:\/\/www.alvasa.se\/wordpress\/?page_id=1136"},"modified":"2020-07-06T07:28:59","modified_gmt":"2020-07-06T06:28:59","slug":"konserter","status":"publish","type":"page","link":"https:\/\/alvasa.se\/wordpress\/?page_id=1136","title":{"rendered":"Konserter"},"content":{"rendered":"\t\t<div data-elementor-type=\"wp-page\" data-elementor-id=\"1136\" class=\"elementor elementor-1136\" data-elementor-post-type=\"page\">\n\t\t\t\t\t\t<section class=\"elementor-section elementor-top-section elementor-element elementor-element-40fd8aaf elementor-section-boxed elementor-section-height-default elementor-section-height-default\" data-id=\"40fd8aaf\" data-element_type=\"section\">\n\t\t\t\t\t\t<div class=\"elementor-container elementor-column-gap-default\">\n\t\t\t\t\t<div class=\"elementor-column elementor-col-100 elementor-top-column elementor-element elementor-element-8fb6f59\" data-id=\"8fb6f59\" data-element_type=\"column\">\n\t\t\t<div class=\"elementor-widget-wrap elementor-element-populated\">\n\t\t\t\t\t\t<div class=\"elementor-element elementor-element-877059c elementor-widget elementor-widget-heading\" data-id=\"877059c\" data-element_type=\"widget\" data-widget_type=\"heading.default\">\n\t\t\t\t<div class=\"elementor-widget-container\">\n\t\t\t\t\t<h2 class=\"elementor-heading-title elementor-size-default\">Konserter<\/h2>\t\t\t\t<\/div>\n\t\t\t\t<\/div>\n\t\t\t\t<div class=\"elementor-element elementor-element-615fc3d elementor-widget elementor-widget-heading\" data-id=\"615fc3d\" data-element_type=\"widget\" data-widget_type=\"heading.default\">\n\t\t\t\t<div class=\"elementor-widget-container\">\n\t\t\t\t\t<h3 class=\"elementor-heading-title elementor-size-default\">2016<\/h3>\t\t\t\t<\/div>\n\t\t\t\t<\/div>\n\t\t\t\t<div class=\"elementor-element elementor-element-9811df4 elementor-widget elementor-widget-heading\" data-id=\"9811df4\" data-element_type=\"widget\" data-widget_type=\"heading.default\">\n\t\t\t\t<div class=\"elementor-widget-container\">\n\t\t\t\t\t<h5 class=\"elementor-heading-title elementor-size-default\">17 juli - Marina Bratterud<\/h5>\t\t\t\t<\/div>\n\t\t\t\t<\/div>\n\t\t\t\t<div class=\"elementor-element elementor-element-1ce4a2c elementor-widget elementor-widget-text-editor\" data-id=\"1ce4a2c\" data-element_type=\"widget\" data-widget_type=\"text-editor.default\">\n\t\t\t\t<div class=\"elementor-widget-container\">\n\t\t\t\t\t\t\t\t\t<p>17 juli hade vi Marina Bratterud med v\u00e4nner hos oss som bj\u00f6d p\u00e5 sk\u00f6ns\u00e5ng<\/p>\t\t\t\t\t\t\t\t<\/div>\n\t\t\t\t<\/div>\n\t\t\t\t<div class=\"elementor-element elementor-element-146bae4 elementor-widget elementor-widget-image\" data-id=\"146bae4\" data-element_type=\"widget\" data-widget_type=\"image.default\">\n\t\t\t\t<div class=\"elementor-widget-container\">\n\t\t\t\t\t\t\t\t\t\t\t\t\t\t\t<img fetchpriority=\"high\" decoding=\"async\" width=\"475\" height=\"355\" src=\"https:\/\/alvasa.se\/wordpress\/wp-content\/uploads\/2016\/08\/Marina-Bratterud-2016.jpg\" class=\"attachment-large size-large wp-image-1631\" alt=\"\" srcset=\"https:\/\/alvasa.se\/wordpress\/wp-content\/uploads\/2016\/08\/Marina-Bratterud-2016.jpg 475w, https:\/\/alvasa.se\/wordpress\/wp-content\/uploads\/2016\/08\/Marina-Bratterud-2016-300x224.jpg 300w\" sizes=\"(max-width: 475px) 100vw, 475px\" \/>\t\t\t\t\t\t\t\t\t\t\t\t\t\t\t<\/div>\n\t\t\t\t<\/div>\n\t\t\t\t\t<\/div>\n\t\t<\/div>\n\t\t\t\t\t<\/div>\n\t\t<\/section>\n\t\t\t\t<section class=\"elementor-section elementor-top-section elementor-element elementor-element-b3266c4 elementor-section-boxed elementor-section-height-default elementor-section-height-default\" data-id=\"b3266c4\" data-element_type=\"section\">\n\t\t\t\t\t\t<div class=\"elementor-container elementor-column-gap-default\">\n\t\t\t\t\t<div class=\"elementor-column elementor-col-100 elementor-top-column elementor-element elementor-element-b0ffcbb\" data-id=\"b0ffcbb\" data-element_type=\"column\">\n\t\t\t<div class=\"elementor-widget-wrap elementor-element-populated\">\n\t\t\t\t\t\t<div class=\"elementor-element elementor-element-d2d5106 elementor-widget elementor-widget-heading\" data-id=\"d2d5106\" data-element_type=\"widget\" data-widget_type=\"heading.default\">\n\t\t\t\t<div class=\"elementor-widget-container\">\n\t\t\t\t\t<h3 class=\"elementor-heading-title elementor-size-default\">2015<\/h3>\t\t\t\t<\/div>\n\t\t\t\t<\/div>\n\t\t\t\t<div class=\"elementor-element elementor-element-f263fdc elementor-widget elementor-widget-heading\" data-id=\"f263fdc\" data-element_type=\"widget\" data-widget_type=\"heading.default\">\n\t\t\t\t<div class=\"elementor-widget-container\">\n\t\t\t\t\t<h5 class=\"elementor-heading-title elementor-size-default\">27 juni - Malin och Cecilia Jansdotter<\/h5>\t\t\t\t<\/div>\n\t\t\t\t<\/div>\n\t\t\t\t<div class=\"elementor-element elementor-element-b34600f elementor-widget elementor-widget-text-editor\" data-id=\"b34600f\" data-element_type=\"widget\" data-widget_type=\"text-editor.default\">\n\t\t\t\t<div class=\"elementor-widget-container\">\n\t\t\t\t\t\t\t\t\t<p>27 juni g\u00e4stades vi av Malin Josefsson &amp; Cecilia Jansdotter<\/p>\t\t\t\t\t\t\t\t<\/div>\n\t\t\t\t<\/div>\n\t\t\t\t<div class=\"elementor-element elementor-element-2479ad5 gallery-spacing-custom elementor-widget elementor-widget-image-gallery\" data-id=\"2479ad5\" data-element_type=\"widget\" data-widget_type=\"image-gallery.default\">\n\t\t\t\t<div class=\"elementor-widget-container\">\n\t\t\t\t\t\t\t<div class=\"elementor-image-gallery\">\n\t\t\t<div id='gallery-1' class='gallery galleryid-1136 gallery-columns-2 gallery-size-neve-blog'><dl class='gallery-item'>\n\t\t\t<dt class='gallery-icon landscape'>\n\t\t\t\t<a data-elementor-open-lightbox=\"yes\" data-elementor-lightbox-slideshow=\"2479ad5\" data-elementor-lightbox-title=\"2015-06-27 02\" data-e-action-hash=\"#elementor-action%3Aaction%3Dlightbox%26settings%3DeyJpZCI6MTI0MCwidXJsIjoiaHR0cHM6XC9cL2FsdmFzYS5zZVwvd29yZHByZXNzXC93cC1jb250ZW50XC91cGxvYWRzXC8yMDE1XC8wNlwvMjAxNS0wNi0yNy0wMi5qcGciLCJzbGlkZXNob3ciOiIyNDc5YWQ1In0%3D\" href='https:\/\/alvasa.se\/wordpress\/wp-content\/uploads\/2015\/06\/2015-06-27-02.jpg' title=\"\" data-rl_title=\"\" class=\"rl-gallery-link\" data-rl_caption=\"\" data-rel=\"lightbox-gallery-1\"><img decoding=\"async\" width=\"639\" height=\"620\" src=\"https:\/\/alvasa.se\/wordpress\/wp-content\/uploads\/2015\/06\/2015-06-27-02.jpg\" class=\"attachment-neve-blog size-neve-blog\" alt=\"\" srcset=\"https:\/\/alvasa.se\/wordpress\/wp-content\/uploads\/2015\/06\/2015-06-27-02.jpg 960w, https:\/\/alvasa.se\/wordpress\/wp-content\/uploads\/2015\/06\/2015-06-27-02-300x291.jpg 300w\" sizes=\"(max-width: 639px) 100vw, 639px\" \/><\/a>\n\t\t\t<\/dt><\/dl><dl class='gallery-item'>\n\t\t\t<dt class='gallery-icon landscape'>\n\t\t\t\t<a data-elementor-open-lightbox=\"yes\" data-elementor-lightbox-slideshow=\"2479ad5\" data-elementor-lightbox-title=\"2015-06-27 01\" data-e-action-hash=\"#elementor-action%3Aaction%3Dlightbox%26settings%3DeyJpZCI6MTIzOSwidXJsIjoiaHR0cHM6XC9cL2FsdmFzYS5zZVwvd29yZHByZXNzXC93cC1jb250ZW50XC91cGxvYWRzXC8yMDE1XC8wNlwvMjAxNS0wNi0yNy0wMS5qcGciLCJzbGlkZXNob3ciOiIyNDc5YWQ1In0%3D\" href='https:\/\/alvasa.se\/wordpress\/wp-content\/uploads\/2015\/06\/2015-06-27-01.jpg' title=\"\" data-rl_title=\"\" class=\"rl-gallery-link\" data-rl_caption=\"\" data-rel=\"lightbox-gallery-1\"><img decoding=\"async\" width=\"627\" height=\"620\" src=\"https:\/\/alvasa.se\/wordpress\/wp-content\/uploads\/2015\/06\/2015-06-27-01.jpg\" class=\"attachment-neve-blog size-neve-blog\" alt=\"\" srcset=\"https:\/\/alvasa.se\/wordpress\/wp-content\/uploads\/2015\/06\/2015-06-27-01.jpg 960w, https:\/\/alvasa.se\/wordpress\/wp-content\/uploads\/2015\/06\/2015-06-27-01-300x297.jpg 300w\" sizes=\"(max-width: 627px) 100vw, 627px\" \/><\/a>\n\t\t\t<\/dt><\/dl><br style=\"clear: both\" \/>\n\t\t<\/div>\n\t\t<\/div>\n\t\t\t\t\t\t<\/div>\n\t\t\t\t<\/div>\n\t\t\t\t<div class=\"elementor-element elementor-element-11129cd elementor-widget elementor-widget-heading\" data-id=\"11129cd\" data-element_type=\"widget\" data-widget_type=\"heading.default\">\n\t\t\t\t<div class=\"elementor-widget-container\">\n\t\t\t\t\t<h3 class=\"elementor-heading-title elementor-size-default\">2014<\/h3>\t\t\t\t<\/div>\n\t\t\t\t<\/div>\n\t\t\t\t<div class=\"elementor-element elementor-element-4a150fa elementor-widget elementor-widget-heading\" data-id=\"4a150fa\" data-element_type=\"widget\" data-widget_type=\"heading.default\">\n\t\t\t\t<div class=\"elementor-widget-container\">\n\t\t\t\t\t<h5 class=\"elementor-heading-title elementor-size-default\">28 juni - Mikael Johnsson<\/h5>\t\t\t\t<\/div>\n\t\t\t\t<\/div>\n\t\t\t\t<div class=\"elementor-element elementor-element-b3e43e9 elementor-widget elementor-widget-text-editor\" data-id=\"b3e43e9\" data-element_type=\"widget\" data-widget_type=\"text-editor.default\">\n\t\t\t\t<div class=\"elementor-widget-container\">\n\t\t\t\t\t\t\t\t\t<p>En favorit i repris med Mikael Johnsson<\/p>\t\t\t\t\t\t\t\t<\/div>\n\t\t\t\t<\/div>\n\t\t\t\t<div class=\"elementor-element elementor-element-07562cc elementor-widget elementor-widget-image\" data-id=\"07562cc\" data-element_type=\"widget\" data-widget_type=\"image.default\">\n\t\t\t\t<div class=\"elementor-widget-container\">\n\t\t\t\t\t\t\t\t\t\t\t\t\t\t\t<img loading=\"lazy\" decoding=\"async\" width=\"612\" height=\"612\" src=\"https:\/\/alvasa.se\/wordpress\/wp-content\/uploads\/2015\/06\/Michael.jpg\" class=\"attachment-neve-blog size-neve-blog wp-image-1174\" alt=\"\" srcset=\"https:\/\/alvasa.se\/wordpress\/wp-content\/uploads\/2015\/06\/Michael.jpg 612w, https:\/\/alvasa.se\/wordpress\/wp-content\/uploads\/2015\/06\/Michael-150x150.jpg 150w, https:\/\/alvasa.se\/wordpress\/wp-content\/uploads\/2015\/06\/Michael-300x300.jpg 300w\" sizes=\"(max-width: 612px) 100vw, 612px\" \/>\t\t\t\t\t\t\t\t\t\t\t\t\t\t\t<\/div>\n\t\t\t\t<\/div>\n\t\t\t\t\t<\/div>\n\t\t<\/div>\n\t\t\t\t\t<\/div>\n\t\t<\/section>\n\t\t\t\t<section class=\"elementor-section elementor-top-section elementor-element elementor-element-f6c733c elementor-section-boxed elementor-section-height-default elementor-section-height-default\" data-id=\"f6c733c\" data-element_type=\"section\">\n\t\t\t\t\t\t<div class=\"elementor-container elementor-column-gap-default\">\n\t\t\t\t\t<div class=\"elementor-column elementor-col-100 elementor-top-column elementor-element elementor-element-646bc84\" data-id=\"646bc84\" data-element_type=\"column\">\n\t\t\t<div class=\"elementor-widget-wrap elementor-element-populated\">\n\t\t\t\t\t\t<div class=\"elementor-element elementor-element-4d578a1 elementor-widget elementor-widget-heading\" data-id=\"4d578a1\" data-element_type=\"widget\" data-widget_type=\"heading.default\">\n\t\t\t\t<div class=\"elementor-widget-container\">\n\t\t\t\t\t<h3 class=\"elementor-heading-title elementor-size-default\">2013<\/h3>\t\t\t\t<\/div>\n\t\t\t\t<\/div>\n\t\t\t\t<div class=\"elementor-element elementor-element-4e8842a elementor-widget elementor-widget-heading\" data-id=\"4e8842a\" data-element_type=\"widget\" data-widget_type=\"heading.default\">\n\t\t\t\t<div class=\"elementor-widget-container\">\n\t\t\t\t\t<h5 class=\"elementor-heading-title elementor-size-default\">13 juli - Giorgio \"Jojje\" Croce<\/h5>\t\t\t\t<\/div>\n\t\t\t\t<\/div>\n\t\t\t\t<div class=\"elementor-element elementor-element-128a76a elementor-widget elementor-widget-text-editor\" data-id=\"128a76a\" data-element_type=\"widget\" data-widget_type=\"text-editor.default\">\n\t\t\t\t<div class=\"elementor-widget-container\">\n\t\t\t\t\t\t\t\t\t<p>P\u00e5 l\u00f6rdagen var <strong>Giorgio \u201dJojje\u201d Croce<\/strong> hos oss. Vi fick lyssna till hans vittnesb\u00f6rd och blues.<\/p>\t\t\t\t\t\t\t\t<\/div>\n\t\t\t\t<\/div>\n\t\t\t\t<div class=\"elementor-element elementor-element-59c267e elementor-widget elementor-widget-heading\" data-id=\"59c267e\" data-element_type=\"widget\" data-widget_type=\"heading.default\">\n\t\t\t\t<div class=\"elementor-widget-container\">\n\t\t\t\t\t<h5 class=\"elementor-heading-title elementor-size-default\">29 juni - Safemode<\/h5>\t\t\t\t<\/div>\n\t\t\t\t<\/div>\n\t\t\t\t<div class=\"elementor-element elementor-element-528051d elementor-widget elementor-widget-text-editor\" data-id=\"528051d\" data-element_type=\"widget\" data-widget_type=\"text-editor.default\">\n\t\t\t\t<div class=\"elementor-widget-container\">\n\t\t\t\t\t\t\t\t\t<p>Safemode \u00e4r ett metalcore band fr\u00e5n Uppsala. Med tunga gitarr-riff, h\u00f6gljudda trummor och energiska liveframtr\u00e4dande blir de en enast\u00e5ende akt som m\u00e5ste upplevas. Med sin musik och tro p\u00e5 Gud vill de sprida hopp in i en m\u00f6rk v\u00e4rld. Safemode har gjort framg\u00e5ngsrika turn\u00e9er b\u00e5de i Sverige, Sydamerika och Europa.<\/p>\t\t\t\t\t\t\t\t<\/div>\n\t\t\t\t<\/div>\n\t\t\t\t<div class=\"elementor-element elementor-element-03a8a05 gallery-spacing-custom elementor-widget elementor-widget-image-gallery\" data-id=\"03a8a05\" data-element_type=\"widget\" data-widget_type=\"image-gallery.default\">\n\t\t\t\t<div class=\"elementor-widget-container\">\n\t\t\t\t\t\t\t<div class=\"elementor-image-gallery\">\n\t\t\t<div id='gallery-2' class='gallery galleryid-1136 gallery-columns-4 gallery-size-neve-blog'><dl class='gallery-item'>\n\t\t\t<dt class='gallery-icon landscape'>\n\t\t\t\t<a data-elementor-open-lightbox=\"yes\" data-elementor-lightbox-slideshow=\"03a8a05\" data-elementor-lightbox-title=\"Safemode\" data-e-action-hash=\"#elementor-action%3Aaction%3Dlightbox%26settings%3DeyJpZCI6NzA1LCJ1cmwiOiJodHRwczpcL1wvYWx2YXNhLnNlXC93b3JkcHJlc3NcL3dwLWNvbnRlbnRcL3VwbG9hZHNcLzIwMTNcLzA3XC9waWwuanBnIiwic2xpZGVzaG93IjoiMDNhOGEwNSJ9\" href='https:\/\/alvasa.se\/wordpress\/wp-content\/uploads\/2013\/07\/pil.jpg' title=\"\" data-rl_title=\"\" class=\"rl-gallery-link\" data-rl_caption=\"\" data-rel=\"lightbox-gallery-2\"><img loading=\"lazy\" decoding=\"async\" width=\"827\" height=\"620\" src=\"https:\/\/alvasa.se\/wordpress\/wp-content\/uploads\/2013\/07\/pil.jpg\" class=\"attachment-neve-blog size-neve-blog\" alt=\"\" srcset=\"https:\/\/alvasa.se\/wordpress\/wp-content\/uploads\/2013\/07\/pil.jpg 960w, https:\/\/alvasa.se\/wordpress\/wp-content\/uploads\/2013\/07\/pil-300x225.jpg 300w\" sizes=\"(max-width: 827px) 100vw, 827px\" \/><\/a>\n\t\t\t<\/dt><\/dl><dl class='gallery-item'>\n\t\t\t<dt class='gallery-icon landscape'>\n\t\t\t\t<a data-elementor-open-lightbox=\"yes\" data-elementor-lightbox-slideshow=\"03a8a05\" data-elementor-lightbox-title=\"Safemode\" data-e-action-hash=\"#elementor-action%3Aaction%3Dlightbox%26settings%3DeyJpZCI6NzA0LCJ1cmwiOiJodHRwczpcL1wvYWx2YXNhLnNlXC93b3JkcHJlc3NcL3dwLWNvbnRlbnRcL3VwbG9hZHNcLzIwMTNcLzA3XC9CaWxkLTExNi5qcGciLCJzbGlkZXNob3ciOiIwM2E4YTA1In0%3D\" href='https:\/\/alvasa.se\/wordpress\/wp-content\/uploads\/2013\/07\/Bild-116.jpg' title=\"\" data-rl_title=\"\" class=\"rl-gallery-link\" data-rl_caption=\"\" data-rel=\"lightbox-gallery-2\"><img loading=\"lazy\" decoding=\"async\" width=\"827\" height=\"620\" src=\"https:\/\/alvasa.se\/wordpress\/wp-content\/uploads\/2013\/07\/Bild-116.jpg\" class=\"attachment-neve-blog size-neve-blog\" alt=\"\" srcset=\"https:\/\/alvasa.se\/wordpress\/wp-content\/uploads\/2013\/07\/Bild-116.jpg 960w, https:\/\/alvasa.se\/wordpress\/wp-content\/uploads\/2013\/07\/Bild-116-300x225.jpg 300w\" sizes=\"(max-width: 827px) 100vw, 827px\" \/><\/a>\n\t\t\t<\/dt><\/dl><dl class='gallery-item'>\n\t\t\t<dt class='gallery-icon landscape'>\n\t\t\t\t<a data-elementor-open-lightbox=\"yes\" data-elementor-lightbox-slideshow=\"03a8a05\" data-elementor-lightbox-title=\"Safemode\" data-e-action-hash=\"#elementor-action%3Aaction%3Dlightbox%26settings%3DeyJpZCI6NzAzLCJ1cmwiOiJodHRwczpcL1wvYWx2YXNhLnNlXC93b3JkcHJlc3NcL3dwLWNvbnRlbnRcL3VwbG9hZHNcLzIwMTNcLzA3XC9cdTAwYzRsdlx1MDBlNXNhLTM4Mi5qcGciLCJzbGlkZXNob3ciOiIwM2E4YTA1In0%3D\" href='https:\/\/alvasa.se\/wordpress\/wp-content\/uploads\/2013\/07\/\u00c4lv\u00e5sa-382.jpg' title=\"\" data-rl_title=\"\" class=\"rl-gallery-link\" data-rl_caption=\"\" data-rel=\"lightbox-gallery-2\"><img loading=\"lazy\" decoding=\"async\" width=\"800\" height=\"534\" src=\"https:\/\/alvasa.se\/wordpress\/wp-content\/uploads\/2013\/07\/\u00c4lv\u00e5sa-382.jpg\" class=\"attachment-neve-blog size-neve-blog\" alt=\"\" srcset=\"https:\/\/alvasa.se\/wordpress\/wp-content\/uploads\/2013\/07\/\u00c4lv\u00e5sa-382.jpg 800w, https:\/\/alvasa.se\/wordpress\/wp-content\/uploads\/2013\/07\/\u00c4lv\u00e5sa-382-300x200.jpg 300w\" sizes=\"(max-width: 800px) 100vw, 800px\" \/><\/a>\n\t\t\t<\/dt><\/dl><dl class='gallery-item'>\n\t\t\t<dt class='gallery-icon landscape'>\n\t\t\t\t<a data-elementor-open-lightbox=\"yes\" data-elementor-lightbox-slideshow=\"03a8a05\" data-elementor-lightbox-title=\"Safemode\" data-e-action-hash=\"#elementor-action%3Aaction%3Dlightbox%26settings%3DeyJpZCI6NzAxLCJ1cmwiOiJodHRwczpcL1wvYWx2YXNhLnNlXC93b3JkcHJlc3NcL3dwLWNvbnRlbnRcL3VwbG9hZHNcLzIwMTNcLzA3XC9cdTAwYzRsdlx1MDBlNXNhLTE4MS5qcGciLCJzbGlkZXNob3ciOiIwM2E4YTA1In0%3D\" href='https:\/\/alvasa.se\/wordpress\/wp-content\/uploads\/2013\/07\/\u00c4lv\u00e5sa-181.jpg' title=\"\" data-rl_title=\"\" class=\"rl-gallery-link\" data-rl_caption=\"\" data-rel=\"lightbox-gallery-2\"><img loading=\"lazy\" decoding=\"async\" width=\"800\" height=\"534\" src=\"https:\/\/alvasa.se\/wordpress\/wp-content\/uploads\/2013\/07\/\u00c4lv\u00e5sa-181.jpg\" class=\"attachment-neve-blog size-neve-blog\" alt=\"\" srcset=\"https:\/\/alvasa.se\/wordpress\/wp-content\/uploads\/2013\/07\/\u00c4lv\u00e5sa-181.jpg 800w, https:\/\/alvasa.se\/wordpress\/wp-content\/uploads\/2013\/07\/\u00c4lv\u00e5sa-181-300x200.jpg 300w\" sizes=\"(max-width: 800px) 100vw, 800px\" \/><\/a>\n\t\t\t<\/dt><\/dl><br style=\"clear: both\" \/>\n\t\t<\/div>\n\t\t<\/div>\n\t\t\t\t\t\t<\/div>\n\t\t\t\t<\/div>\n\t\t\t\t\t<\/div>\n\t\t<\/div>\n\t\t\t\t\t<\/div>\n\t\t<\/section>\n\t\t\t\t<\/div>\n\t\t","protected":false},"excerpt":{"rendered":"<p>Konserter 2016 17 juli &#8211; Marina Bratterud 17 juli hade vi Marina Bratterud med v\u00e4nner hos oss som bj\u00f6d p\u00e5 sk\u00f6ns\u00e5ng 2015 27 juni &#8211; Malin och Cecilia Jansdotter 27&hellip;&nbsp;<a href=\"https:\/\/alvasa.se\/wordpress\/?page_id=1136\" class=\"\" rel=\"bookmark\">L\u00e4s mer &raquo;<span class=\"screen-reader-text\">Konserter<\/span><\/a><\/p>\n","protected":false},"author":4,"featured_media":0,"parent":0,"menu_order":0,"comment_status":"closed","ping_status":"open","template":"page-templates\/template-pagebuilder-full-width.php","meta":{"neve_meta_sidebar":"","neve_meta_container":"","neve_meta_enable_content_width":"off","neve_meta_content_width":0,"neve_meta_title_alignment":"","neve_meta_author_avatar":"","neve_post_elements_order":"","neve_meta_disable_header":"","neve_meta_disable_footer":"","neve_meta_disable_title":"","footnotes":""},"class_list":["post-1136","page","type-page","status-publish","hentry"],"_links":{"self":[{"href":"https:\/\/alvasa.se\/wordpress\/index.php?rest_route=\/wp\/v2\/pages\/1136","targetHints":{"allow":["GET"]}}],"collection":[{"href":"https:\/\/alvasa.se\/wordpress\/index.php?rest_route=\/wp\/v2\/pages"}],"about":[{"href":"https:\/\/alvasa.se\/wordpress\/index.php?rest_route=\/wp\/v2\/types\/page"}],"author":[{"embeddable":true,"href":"https:\/\/alvasa.se\/wordpress\/index.php?rest_route=\/wp\/v2\/users\/4"}],"replies":[{"embeddable":true,"href":"https:\/\/alvasa.se\/wordpress\/index.php?rest_route=%2Fwp%2Fv2%2Fcomments&post=1136"}],"version-history":[{"count":15,"href":"https:\/\/alvasa.se\/wordpress\/index.php?rest_route=\/wp\/v2\/pages\/1136\/revisions"}],"predecessor-version":[{"id":2217,"href":"https:\/\/alvasa.se\/wordpress\/index.php?rest_route=\/wp\/v2\/pages\/1136\/revisions\/2217"}],"wp:attachment":[{"href":"https:\/\/alvasa.se\/wordpress\/index.php?rest_route=%2Fwp%2Fv2%2Fmedia&parent=1136"}],"curies":[{"name":"wp","href":"https:\/\/api.w.org\/{rel}","templated":true}]}}